{"id":983,"date":"2024-08-31T21:16:46","date_gmt":"2024-08-31T19:16:46","guid":{"rendered":"http:\/\/etoilea.cluster030.hosting.ovh.net\/dev\/?page_id=983"},"modified":"2025-09-02T21:16:02","modified_gmt":"2025-09-02T19:16:02","slug":"equipe-veterans-masculin","status":"publish","type":"page","link":"https:\/\/etoilemouzillonnaisefoot.fr\/index.php\/equipe-veterans-masculin\/","title":{"rendered":"Equipe V\u00e9t\u00e9rans &#8211; Masculin"},"content":{"rendered":"\n<h2 class=\"wp-block-heading has-text-align-center has-text-color has-link-color wp-elements-14c7e0242d0757d2e169c58e7f5af47c\" style=\"color:#ed1319;font-size:clamp(28.836px, 1.802rem + ((1vw - 3.2px) * 1.653), 50px);\">\u00c9quipe V\u00e9t\u00e9rans<\/h2>\n\n\n\n<div class=\"wp-block-columns is-layout-flex wp-container-core-columns-is-layout-2000334d wp-block-columns-is-layout-flex\" style=\"padding-top:0;padding-right:0;padding-bottom:0;padding-left:0\">\n<div class=\"wp-block-column is-layout-flow wp-block-column-is-layout-flow\" style=\"flex-basis:60%\">\n<figure class=\"wp-block-image aligncenter size-full has-custom-border is-style-default wp-duotone-unset-1\"><img loading=\"lazy\" decoding=\"async\" width=\"1600\" height=\"1200\" src=\"http:\/\/etoilea.cluster030.hosting.ovh.net\/dev\/wp-content\/uploads\/2024\/09\/2024_2025_Veterans_M.jpg\" alt=\"\" class=\"wp-image-1055\" style=\"border-style:none;border-width:0px;border-radius:0px\" srcset=\"https:\/\/etoilemouzillonnaisefoot.fr\/wp-content\/uploads\/2024\/09\/2024_2025_Veterans_M.jpg 1600w, https:\/\/etoilemouzillonnaisefoot.fr\/wp-content\/uploads\/2024\/09\/2024_2025_Veterans_M-300x225.jpg 300w, https:\/\/etoilemouzillonnaisefoot.fr\/wp-content\/uploads\/2024\/09\/2024_2025_Veterans_M-1024x768.jpg 1024w, https:\/\/etoilemouzillonnaisefoot.fr\/wp-content\/uploads\/2024\/09\/2024_2025_Veterans_M-768x576.jpg 768w, https:\/\/etoilemouzillonnaisefoot.fr\/wp-content\/uploads\/2024\/09\/2024_2025_Veterans_M-1536x1152.jpg 1536w, https:\/\/etoilemouzillonnaisefoot.fr\/wp-content\/uploads\/2024\/09\/2024_2025_Veterans_M-600x450.jpg 600w\" sizes=\"auto, (max-width: 1600px) 100vw, 1600px\" \/><\/figure>\n\n\n\n<h6 class=\"wp-block-heading has-text-align-center has-text-color has-background has-link-color wp-elements-717b3c5a55493cd63861195a6adb69fe\" style=\"color:#fffefe;background-color:#c19a56;margin-top:1px;margin-right:28px;margin-bottom:1px;margin-left:28px;padding-top:1px;padding-bottom:1px;font-size:clamp(14px, 0.875rem + ((1vw - 3.2px) * 0.469), 20px);\">Pr\u00e9sident : Freddy S\u00e9cher<\/h6>\n\n\n\n<h6 class=\"wp-block-heading has-text-align-center has-text-color has-link-color wp-elements-3f35793733881e49ba65691b0217f7bc\" style=\"color:#c19a56;margin-top:1px;margin-right:28px;margin-bottom:1px;margin-left:28px;padding-top:1px;padding-bottom:1px;font-size:clamp(14px, 0.875rem + ((1vw - 3.2px) * 0.469), 20px);\">Secr\u00e9taire : Laurent Gorget &#8211; Tr\u00e9sorier : David Gagnant<\/h6>\n\n\n\n<h6 class=\"wp-block-heading has-text-align-center has-text-color has-background has-link-color wp-elements-c3e83f744fad92170385e3394a93c2ea\" style=\"color:#fffefe;background-color:#c19a56;margin-top:1px;margin-right:28px;margin-bottom:1px;margin-left:28px;padding-top:1px;padding-bottom:1px;font-size:clamp(14px, 0.875rem + ((1vw - 3.2px) * 0.469), 20px);\">Entrainement :<br>Mercredi 19h30-20h30<\/h6>\n\n\n\n<h6 class=\"wp-block-heading has-text-align-center has-text-color has-link-color wp-elements-01fecffd6548afe1a22c7b23e0893a1b\" style=\"color:#c19a56;margin-top:1px;margin-right:28px;margin-bottom:1px;margin-left:28px;padding-top:1px;padding-bottom:1px;font-size:clamp(14px, 0.875rem + ((1vw - 3.2px) * 0.469), 20px);\">Matchs : Dimanche 9h<\/h6>\n<\/div>\n\n\n\n<div class=\"wp-block-column is-layout-flow wp-block-column-is-layout-flow\" style=\"flex-basis:40%\">\n<p><iframe id=\"65c0d9e06ce7d308cb5dbe3c\" style=\"display: block; width: 100%; overflow: auto; margin: auto; border-width: 0px;\" src=\"https:\/\/v1.scorenco.com\/widget\/6501f6c9e23eef08dd2bc7a9\/?auto_height=true\" scrolling=\"no\"><\/iframe><a style=\"font-size:11px\" target=\"_blank\" href=\"https:\/\/v1.scorenco.com\/football\/clubs\/etoile-mouzillonnaise-football\/\" rel=\"noopener\">Etoile Mouzillonnaise Football sur Score&rsquo;n&rsquo;co<\/a><\/p>\n<\/div>\n<\/div>\n","protected":false},"excerpt":{"rendered":"<p>\u00c9quipe V\u00e9t\u00e9rans Pr\u00e9sident : Freddy S\u00e9cher Secr\u00e9taire : Laurent Gorget &#8211; Tr\u00e9sorier : David Gagnant Entrainement :Mercredi 19h30-20h30 Matchs : Dimanche 9h Etoile Mouzillonnaise Football sur Score&rsquo;n&rsquo;co<\/p>\n","protected":false},"author":1,"featured_media":0,"parent":0,"menu_order":0,"comment_status":"closed","ping_status":"closed","template":"","meta":{"footnotes":""},"class_list":["post-983","page","type-page","status-publish","hentry"],"blocksy_meta":[],"_links":{"self":[{"href":"https:\/\/etoilemouzillonnaisefoot.fr\/index.php\/wp-json\/wp\/v2\/pages\/983","targetHints":{"allow":["GET"]}}],"collection":[{"href":"https:\/\/etoilemouzillonnaisefoot.fr\/index.php\/wp-json\/wp\/v2\/pages"}],"about":[{"href":"https:\/\/etoilemouzillonnaisefoot.fr\/index.php\/wp-json\/wp\/v2\/types\/page"}],"author":[{"embeddable":true,"href":"https:\/\/etoilemouzillonnaisefoot.fr\/index.php\/wp-json\/wp\/v2\/users\/1"}],"replies":[{"embeddable":true,"href":"https:\/\/etoilemouzillonnaisefoot.fr\/index.php\/wp-json\/wp\/v2\/comments?post=983"}],"version-history":[{"count":11,"href":"https:\/\/etoilemouzillonnaisefoot.fr\/index.php\/wp-json\/wp\/v2\/pages\/983\/revisions"}],"predecessor-version":[{"id":2136,"href":"https:\/\/etoilemouzillonnaisefoot.fr\/index.php\/wp-json\/wp\/v2\/pages\/983\/revisions\/2136"}],"wp:attachment":[{"href":"https:\/\/etoilemouzillonnaisefoot.fr\/index.php\/wp-json\/wp\/v2\/media?parent=983"}],"curies":[{"name":"wp","href":"https:\/\/api.w.org\/{rel}","templated":true}]}}