{"id":885,"date":"2024-07-16T13:06:46","date_gmt":"2024-07-16T11:06:46","guid":{"rendered":"http:\/\/etoilea.cluster030.hosting.ovh.net\/dev\/?page_id=885"},"modified":"2025-03-12T19:22:17","modified_gmt":"2025-03-12T18:22:17","slug":"evenements","status":"publish","type":"page","link":"https:\/\/etoilemouzillonnaisefoot.fr\/index.php\/evenements\/","title":{"rendered":"Ev\u00e8nements"},"content":{"rendered":"\n<div class=\"wp-block-media-text is-stacked-on-mobile\"><figure class=\"wp-block-media-text__media\"><img loading=\"lazy\" decoding=\"async\" width=\"1024\" height=\"1024\" src=\"https:\/\/etoilemouzillonnaisefoot.fr\/wp-content\/uploads\/2025\/03\/RS-3-1024x1024.png\" alt=\"\" class=\"wp-image-1984 size-full\" srcset=\"https:\/\/etoilemouzillonnaisefoot.fr\/wp-content\/uploads\/2025\/03\/RS-3-1024x1024.png 1024w, https:\/\/etoilemouzillonnaisefoot.fr\/wp-content\/uploads\/2025\/03\/RS-3-300x300.png 300w, https:\/\/etoilemouzillonnaisefoot.fr\/wp-content\/uploads\/2025\/03\/RS-3-150x150.png 150w, https:\/\/etoilemouzillonnaisefoot.fr\/wp-content\/uploads\/2025\/03\/RS-3-768x768.png 768w, https:\/\/etoilemouzillonnaisefoot.fr\/wp-content\/uploads\/2025\/03\/RS-3-600x600.png 600w, https:\/\/etoilemouzillonnaisefoot.fr\/wp-content\/uploads\/2025\/03\/RS-3-100x100.png 100w, https:\/\/etoilemouzillonnaisefoot.fr\/wp-content\/uploads\/2025\/03\/RS-3.png 1080w\" sizes=\"auto, (max-width: 1024px) 100vw, 1024px\" \/><\/figure><div class=\"wp-block-media-text__content\">\n<p>\ud83d\udc5f Stage de football<br>Le lundi 7 et mardi 8 avril 2025, le Club organise un stage de foot pour les enfants des cat\u00e9gories U8 \u00e0 U13 gars et filles, licenci\u00e9s ou non. \ud83d\udd34\u26aa<br>Lors de ce stage de nombreuses activit\u00e9s sont pr\u00e9vus pour les enfants ainsi qu&rsquo;une sortie qui les ravira \ud83d\ude0a\ud83e\udd23<br>Pour tous renseignements :<br>\ud83d\udcdeMaxime Bondu 07 49 01 04 73<\/p>\n<\/div><\/div>\n\n\n<ul class=\"wp-block-latest-posts__list wp-block-latest-posts\"><li><a class=\"wp-block-latest-posts__post-title\" href=\"https:\/\/etoilemouzillonnaisefoot.fr\/index.php\/2025\/10\/14\/soiree-du-club-%e2%9d%a4%ef%b8%8f%f0%9f%a4%8d\/\">SOIR\u00c9E DU CLUB \u2764\ufe0f\ud83e\udd0d<\/a><div class=\"wp-block-latest-posts__post-full-content\"><!-- wp:paragraph -->\n<p><\/p>\n<!-- \/wp:paragraph -->\n\n<!-- wp:media-text {\"mediaId\":2247,\"mediaLink\":\"https:\/\/etoilemouzillonnaisefoot.fr\/?attachment_id=2247\",\"mediaType\":\"image\"} -->\n<div class=\"wp-block-media-text is-stacked-on-mobile\"><figure class=\"wp-block-media-text__media\"><img loading=\"lazy\" decoding=\"async\" width=\"1024\" height=\"1024\" src=\"https:\/\/etoilemouzillonnaisefoot.fr\/wp-content\/uploads\/2025\/10\/SOIREE-DU-CLUB-1024x1024.jpg\" alt=\"\" class=\"wp-image-2247 size-full\" srcset=\"https:\/\/etoilemouzillonnaisefoot.fr\/wp-content\/uploads\/2025\/10\/SOIREE-DU-CLUB-1024x1024.jpg 1024w, https:\/\/etoilemouzillonnaisefoot.fr\/wp-content\/uploads\/2025\/10\/SOIREE-DU-CLUB-300x300.jpg 300w, https:\/\/etoilemouzillonnaisefoot.fr\/wp-content\/uploads\/2025\/10\/SOIREE-DU-CLUB-150x150.jpg 150w, https:\/\/etoilemouzillonnaisefoot.fr\/wp-content\/uploads\/2025\/10\/SOIREE-DU-CLUB-768x768.jpg 768w, https:\/\/etoilemouzillonnaisefoot.fr\/wp-content\/uploads\/2025\/10\/SOIREE-DU-CLUB-600x600.jpg 600w, https:\/\/etoilemouzillonnaisefoot.fr\/wp-content\/uploads\/2025\/10\/SOIREE-DU-CLUB-100x100.jpg 100w, https:\/\/etoilemouzillonnaisefoot.fr\/wp-content\/uploads\/2025\/10\/SOIREE-DU-CLUB.jpg 1080w\" sizes=\"auto, (max-width: 1024px) 100vw, 1024px\" \/><\/figure><div class=\"wp-block-media-text__content\"><!-- wp:paragraph {\"placeholder\":\"Contenu\u2026\"} -->\n<p>Comme chaque ann\u00e9e L&rsquo;\u00c9toile Mouzillonnaise Football organise sa fameuse soir\u00e9e du club !<\/p>\n<!-- \/wp:paragraph -->\n\n<!-- wp:paragraph {\"placeholder\":\"Contenu\u2026\"} -->\n<p>Pour cette \u00e9dition 2025, nous vous donnons rendez-vous \u00e0 partir de 19h \u00e0 la Salle Rapha\u00ebl Hardy \u00e0 Mouzillon.<\/p>\n<!-- \/wp:paragraph --><\/div><\/div>\n<!-- \/wp:media-text --><\/div><\/li>\n<li><a class=\"wp-block-latest-posts__post-title\" href=\"https:\/\/etoilemouzillonnaisefoot.fr\/index.php\/2025\/10\/14\/%f0%9f%8f%86-coupe-de-france-%f0%9f%8f%86\/\">\ud83c\udfc6 Coupe de France \ud83c\udfc6<\/a><div class=\"wp-block-latest-posts__post-full-content\"><!-- wp:media-text {\"mediaId\":2249,\"mediaLink\":\"https:\/\/etoilemouzillonnaisefoot.fr\/index.php\/2025\/10\/14\/%f0%9f%8f%86-coupe-de-france-%f0%9f%8f%86\/coupe-de-france-2\/\",\"mediaType\":\"image\"} -->\n<div class=\"wp-block-media-text is-stacked-on-mobile\"><figure class=\"wp-block-media-text__media\"><img loading=\"lazy\" decoding=\"async\" width=\"819\" height=\"1024\" src=\"https:\/\/etoilemouzillonnaisefoot.fr\/wp-content\/uploads\/2025\/10\/COUPE-DE-FRANCE-1-819x1024.jpg\" alt=\"\" class=\"wp-image-2249 size-full\" srcset=\"https:\/\/etoilemouzillonnaisefoot.fr\/wp-content\/uploads\/2025\/10\/COUPE-DE-FRANCE-1-819x1024.jpg 819w, https:\/\/etoilemouzillonnaisefoot.fr\/wp-content\/uploads\/2025\/10\/COUPE-DE-FRANCE-1-240x300.jpg 240w, https:\/\/etoilemouzillonnaisefoot.fr\/wp-content\/uploads\/2025\/10\/COUPE-DE-FRANCE-1-768x960.jpg 768w, https:\/\/etoilemouzillonnaisefoot.fr\/wp-content\/uploads\/2025\/10\/COUPE-DE-FRANCE-1-600x750.jpg 600w, https:\/\/etoilemouzillonnaisefoot.fr\/wp-content\/uploads\/2025\/10\/COUPE-DE-FRANCE-1.jpg 1080w\" sizes=\"auto, (max-width: 819px) 100vw, 819px\" \/><\/figure><div class=\"wp-block-media-text__content\"><!-- wp:paragraph {\"placeholder\":\"Contenu\u2026\"} -->\n<p>Apr\u00e8s avoir remport\u00e9 leur premier match face \u00e0 l\u2019ES Montilliers, nos S\u00e9niors F\u00e9minines sont bien d\u00e9cid\u00e9es \u00e0 poursuivre sur leur lanc\u00e9e !<br>Elles affronteront, pour ce 3\u1d49 tour de la Coupe de France, Les Herbiers VF ce dimanche 19 octobre \u00e0 15h \u00e0 Mouzillon !<\/p>\n<!-- \/wp:paragraph -->\n\n<!-- wp:paragraph {\"placeholder\":\"Contenu\u2026\"} -->\n<p>On vous attend nombreux.ses pour soutenir comme il se doit nos joueuses et enflammer le bord du terrain ! \ud83d\udd25<br>A\u00a0dimanche\u00a0!!<\/p>\n<!-- \/wp:paragraph --><\/div><\/div>\n<!-- \/wp:media-text -->\n\n<!-- wp:paragraph -->\n<p><\/p>\n<!-- \/wp:paragraph --><\/div><\/li>\n<li><a class=\"wp-block-latest-posts__post-title\" href=\"https:\/\/etoilemouzillonnaisefoot.fr\/index.php\/2025\/10\/14\/stage-de-la-toussaint-2025-%f0%9f%93%a3\/\">Stage de la Toussaint 2025 \ud83d\udce3<\/a><div class=\"wp-block-latest-posts__post-full-content\"><!-- wp:media-text {\"mediaId\":2251,\"mediaLink\":\"https:\/\/etoilemouzillonnaisefoot.fr\/index.php\/2025\/10\/14\/stage-de-la-toussaint-2025-%f0%9f%93%a3\/553252691_1828477081885758_8837770786030016132_n-2\/\",\"mediaType\":\"image\"} -->\n<div class=\"wp-block-media-text is-stacked-on-mobile\"><figure class=\"wp-block-media-text__media\"><img loading=\"lazy\" decoding=\"async\" width=\"819\" height=\"1024\" src=\"https:\/\/etoilemouzillonnaisefoot.fr\/wp-content\/uploads\/2025\/10\/553252691_1828477081885758_8837770786030016132_n-1-819x1024.jpg\" alt=\"\" class=\"wp-image-2251 size-full\" srcset=\"https:\/\/etoilemouzillonnaisefoot.fr\/wp-content\/uploads\/2025\/10\/553252691_1828477081885758_8837770786030016132_n-1-819x1024.jpg 819w, https:\/\/etoilemouzillonnaisefoot.fr\/wp-content\/uploads\/2025\/10\/553252691_1828477081885758_8837770786030016132_n-1-240x300.jpg 240w, https:\/\/etoilemouzillonnaisefoot.fr\/wp-content\/uploads\/2025\/10\/553252691_1828477081885758_8837770786030016132_n-1-768x960.jpg 768w, https:\/\/etoilemouzillonnaisefoot.fr\/wp-content\/uploads\/2025\/10\/553252691_1828477081885758_8837770786030016132_n-1-600x750.jpg 600w, https:\/\/etoilemouzillonnaisefoot.fr\/wp-content\/uploads\/2025\/10\/553252691_1828477081885758_8837770786030016132_n-1.jpg 1080w\" sizes=\"auto, (max-width: 819px) 100vw, 819px\" \/><\/figure><div class=\"wp-block-media-text__content\"><!-- wp:paragraph {\"placeholder\":\"Contenu\u2026\"} -->\n<p>Du lundi 20 au mardi 21 octobre, l&rsquo;\u00c9toile Mouzillonnaise organise un stage de football ouvert aux cat\u00e9gories f\u00e9minines et masculines de U8 \u00e0 U13.<br>Licenci\u00e9s ou non, les enfants pourront participer \u00e0 deux journ\u00e9es de pratique et de d\u00e9couverte, de 9h \u00e0 17h !<\/p>\n<!-- \/wp:paragraph -->\n\n<!-- wp:paragraph {\"placeholder\":\"Contenu\u2026\"} -->\n<p>Pour plus d&rsquo;informations :<br>\ud83d\udcde Maxime BONDU : 07 49 01 04 73<br>\ud83d\udce7 m.bondu@etoilemouzillonfoot.fr<\/p>\n<!-- \/wp:paragraph --><\/div><\/div>\n<!-- \/wp:media-text --><\/div><\/li>\n<li><a class=\"wp-block-latest-posts__post-title\" href=\"https:\/\/etoilemouzillonnaisefoot.fr\/index.php\/2025\/04\/20\/foot-en-marchant\/\">FOOT EN MARCHANT<\/a><div class=\"wp-block-latest-posts__post-full-content\"><!-- wp:media-text {\"mediaId\":2021,\"mediaLink\":\"https:\/\/etoilemouzillonnaisefoot.fr\/?attachment_id=2021\",\"mediaType\":\"image\"} -->\n<div class=\"wp-block-media-text is-stacked-on-mobile\"><figure class=\"wp-block-media-text__media\"><img loading=\"lazy\" decoding=\"async\" width=\"1024\" height=\"1024\" src=\"https:\/\/etoilemouzillonnaisefoot.fr\/wp-content\/uploads\/2025\/04\/RS-1024x1024.png\" alt=\"\" class=\"wp-image-2021 size-full\" srcset=\"https:\/\/etoilemouzillonnaisefoot.fr\/wp-content\/uploads\/2025\/04\/RS-1024x1024.png 1024w, https:\/\/etoilemouzillonnaisefoot.fr\/wp-content\/uploads\/2025\/04\/RS-300x300.png 300w, https:\/\/etoilemouzillonnaisefoot.fr\/wp-content\/uploads\/2025\/04\/RS-150x150.png 150w, https:\/\/etoilemouzillonnaisefoot.fr\/wp-content\/uploads\/2025\/04\/RS-768x768.png 768w, https:\/\/etoilemouzillonnaisefoot.fr\/wp-content\/uploads\/2025\/04\/RS-600x600.png 600w, https:\/\/etoilemouzillonnaisefoot.fr\/wp-content\/uploads\/2025\/04\/RS-100x100.png 100w, https:\/\/etoilemouzillonnaisefoot.fr\/wp-content\/uploads\/2025\/04\/RS.png 1080w\" sizes=\"auto, (max-width: 1024px) 100vw, 1024px\" \/><\/figure><div class=\"wp-block-media-text__content\"><!-- wp:paragraph -->\n<p>\ud83e\udd45 Premi\u00e8re \u00e9dition du <strong>Foot en marchant<\/strong> \u00e0 l&rsquo;\u00c9toile Mouzillonnaise Football ! \u26bd<br>Vous aimez le foot ? Venez d\u00e9couvrir le <strong>foot en marchant<\/strong>, une activit\u00e9 accessible \u00e0 tous !<br>\ud83d\udccd <strong>Rendez-vous au Stade Marcel Guilbaud \u00e0 Mouzillon<\/strong><br>\ud83d\udcc5 <strong>Date de l\u2019\u00e9v\u00e9nement<\/strong> : Dimanche 4 mai 2025<br>\ud83d\udd52 <strong>Heure de d\u00e9but<\/strong> : 10H30<br>\ud83d\udccc <strong>Lieu<\/strong> : Stade de l&rsquo;\u00c9toile Mouzillonnaise<br>\u2705 <strong>Les inscriptions sont ouvertes !<\/strong><br>N\u2019attendez plus pour r\u00e9server votre place.<\/p>\n<!-- \/wp:paragraph --><\/div><\/div>\n<!-- \/wp:media-text --><\/div><\/li>\n<li><a class=\"wp-block-latest-posts__post-title\" href=\"https:\/\/etoilemouzillonnaisefoot.fr\/index.php\/2025\/03\/14\/tournoi-jeudi-8-mai\/\">TOURNOI JEUDI 8 MAI<\/a><div class=\"wp-block-latest-posts__post-full-content\"><!-- wp:media-text {\"mediaId\":1992,\"mediaLink\":\"https:\/\/etoilemouzillonnaisefoot.fr\/?attachment_id=1992\",\"mediaType\":\"image\"} -->\n<div class=\"wp-block-media-text is-stacked-on-mobile\"><figure class=\"wp-block-media-text__media\"><img loading=\"lazy\" decoding=\"async\" width=\"1024\" height=\"1024\" src=\"https:\/\/etoilemouzillonnaisefoot.fr\/wp-content\/uploads\/2025\/03\/tournoi-1741110346-1024x1024.png\" alt=\"\" class=\"wp-image-1992 size-full\" srcset=\"https:\/\/etoilemouzillonnaisefoot.fr\/wp-content\/uploads\/2025\/03\/tournoi-1741110346-1024x1024.png 1024w, https:\/\/etoilemouzillonnaisefoot.fr\/wp-content\/uploads\/2025\/03\/tournoi-1741110346-300x300.png 300w, https:\/\/etoilemouzillonnaisefoot.fr\/wp-content\/uploads\/2025\/03\/tournoi-1741110346-150x150.png 150w, https:\/\/etoilemouzillonnaisefoot.fr\/wp-content\/uploads\/2025\/03\/tournoi-1741110346-768x768.png 768w, https:\/\/etoilemouzillonnaisefoot.fr\/wp-content\/uploads\/2025\/03\/tournoi-1741110346-600x600.png 600w, https:\/\/etoilemouzillonnaisefoot.fr\/wp-content\/uploads\/2025\/03\/tournoi-1741110346-100x100.png 100w, https:\/\/etoilemouzillonnaisefoot.fr\/wp-content\/uploads\/2025\/03\/tournoi-1741110346.png 1080w\" sizes=\"auto, (max-width: 1024px) 100vw, 1024px\" \/><\/figure><div class=\"wp-block-media-text__content\"><!-- wp:paragraph {\"placeholder\":\"Contenu\u2026\",\"fontSize\":\"small\"} -->\n<p class=\"has-small-font-size\">Inscription pour le Tournoi de Sixte du jeudi 8 Mai 2025<\/p>\n<!-- \/wp:paragraph -->\n\n<!-- wp:paragraph -->\n<p>Lien : <a href=\"https:\/\/etoile-mouzillonnaise-football.s2.yapla.com\/fr\/event-77485\">Tournoi de sixte<\/a><\/p>\n<!-- \/wp:paragraph -->\n\n<!-- wp:paragraph {\"fontSize\":\"small\"} -->\n<p class=\"has-small-font-size\">Sur place vous pourrez retrouver une restauration et une buvette. Interdiction d\u2019emporter des canettes ou bouteilles en verre au stade.<\/p>\n<!-- \/wp:paragraph -->\n\n<!-- wp:paragraph {\"fontSize\":\"small\"} -->\n<p class=\"has-small-font-size\">Les \u00e9quipes seront compos\u00e9es de 6 joueurs + 2 rempla\u00e7ants avec obligatoirement 1 licenci\u00e9 par \u00e9quipe<\/p>\n<!-- \/wp:paragraph -->\n\n<!-- wp:paragraph {\"fontSize\":\"small\"} -->\n<p class=\"has-small-font-size\">Il y&rsquo;aura diff\u00e9rents lots \u00e0 gagner : lots de viandes, \u00e9quipements&#8230;<\/p>\n<!-- \/wp:paragraph -->\n\n<!-- wp:paragraph {\"placeholder\":\"Contenu\u2026\",\"fontSize\":\"small\"} -->\n<p class=\"has-small-font-size\">Les inscriptions sont de 70\u20ac par \u00e9quipe et s&rsquo;arr\u00eateront le 2 mai.<\/p>\n<!-- \/wp:paragraph --><\/div><\/div>\n<!-- \/wp:media-text --><\/div><\/li>\n<\/ul>","protected":false},"excerpt":{"rendered":"<p>\ud83d\udc5f Stage de footballLe lundi 7 et mardi 8 avril 2025, le Club organise un stage de foot pour les enfants des cat\u00e9gories U8 \u00e0 U13 gars et filles, licenci\u00e9s ou non. \ud83d\udd34\u26aaLors de ce stage de nombreuses activit\u00e9s sont pr\u00e9vus pour les enfants ainsi qu&rsquo;une sortie qui les ravira \ud83d\ude0a\ud83e\udd23Pour tous renseignements :\ud83d\udcdeMaxime Bondu [&hellip;]<\/p>\n","protected":false},"author":1,"featured_media":0,"parent":0,"menu_order":0,"comment_status":"closed","ping_status":"closed","template":"","meta":{"footnotes":""},"class_list":["post-885","page","type-page","status-publish","hentry"],"blocksy_meta":[],"_links":{"self":[{"href":"https:\/\/etoilemouzillonnaisefoot.fr\/index.php\/wp-json\/wp\/v2\/pages\/885","targetHints":{"allow":["GET"]}}],"collection":[{"href":"https:\/\/etoilemouzillonnaisefoot.fr\/index.php\/wp-json\/wp\/v2\/pages"}],"about":[{"href":"https:\/\/etoilemouzillonnaisefoot.fr\/index.php\/wp-json\/wp\/v2\/types\/page"}],"author":[{"embeddable":true,"href":"https:\/\/etoilemouzillonnaisefoot.fr\/index.php\/wp-json\/wp\/v2\/users\/1"}],"replies":[{"embeddable":true,"href":"https:\/\/etoilemouzillonnaisefoot.fr\/index.php\/wp-json\/wp\/v2\/comments?post=885"}],"version-history":[{"count":4,"href":"https:\/\/etoilemouzillonnaisefoot.fr\/index.php\/wp-json\/wp\/v2\/pages\/885\/revisions"}],"predecessor-version":[{"id":1985,"href":"https:\/\/etoilemouzillonnaisefoot.fr\/index.php\/wp-json\/wp\/v2\/pages\/885\/revisions\/1985"}],"wp:attachment":[{"href":"https:\/\/etoilemouzillonnaisefoot.fr\/index.php\/wp-json\/wp\/v2\/media?parent=885"}],"curies":[{"name":"wp","href":"https:\/\/api.w.org\/{rel}","templated":true}]}}