{"id":849,"date":"2024-07-16T12:12:17","date_gmt":"2024-07-16T10:12:17","guid":{"rendered":"http:\/\/etoilea.cluster030.hosting.ovh.net\/dev\/?page_id=849"},"modified":"2025-09-02T21:34:20","modified_gmt":"2025-09-02T19:34:20","slug":"equipe-ecole-de-foot-masculin","status":"publish","type":"page","link":"https:\/\/etoilemouzillonnaisefoot.fr\/index.php\/equipe-ecole-de-foot-masculin\/","title":{"rendered":"Equipe Ecole de foot &#8211; Masculin"},"content":{"rendered":"\n<h2 class=\"wp-block-heading has-text-align-center has-text-color has-link-color wp-elements-574a7c9993a5b2727279238e7fedd895\" style=\"color:#ed1319;font-size:clamp(28.836px, 1.802rem + ((1vw - 3.2px) * 1.653), 50px);\">\u00c9quipes \u00c9cole de foot masculin U6 \u00e0 U11<\/h2>\n\n\n\n<div class=\"wp-block-columns is-layout-flex wp-container-core-columns-is-layout-28f84493 wp-block-columns-is-layout-flex\">\n<div class=\"wp-block-column is-layout-flow wp-block-column-is-layout-flow\">\n<figure class=\"wp-block-image size-large\"><img loading=\"lazy\" decoding=\"async\" width=\"1024\" height=\"683\" src=\"http:\/\/etoilea.cluster030.hosting.ovh.net\/dev\/wp-content\/uploads\/2024\/11\/SJ0A0041-1-1024x683.jpg\" alt=\"\" class=\"wp-image-1266\" srcset=\"https:\/\/etoilemouzillonnaisefoot.fr\/wp-content\/uploads\/2024\/11\/SJ0A0041-1-1024x683.jpg 1024w, https:\/\/etoilemouzillonnaisefoot.fr\/wp-content\/uploads\/2024\/11\/SJ0A0041-1-300x200.jpg 300w, https:\/\/etoilemouzillonnaisefoot.fr\/wp-content\/uploads\/2024\/11\/SJ0A0041-1-768x512.jpg 768w, https:\/\/etoilemouzillonnaisefoot.fr\/wp-content\/uploads\/2024\/11\/SJ0A0041-1-1536x1024.jpg 1536w, https:\/\/etoilemouzillonnaisefoot.fr\/wp-content\/uploads\/2024\/11\/SJ0A0041-1-2048x1365.jpg 2048w, https:\/\/etoilemouzillonnaisefoot.fr\/wp-content\/uploads\/2024\/11\/SJ0A0041-1-600x400.jpg 600w\" sizes=\"auto, (max-width: 1024px) 100vw, 1024px\" \/><\/figure>\n<\/div>\n\n\n\n<div class=\"wp-block-column is-layout-flow wp-block-column-is-layout-flow\">\n<h2 class=\"wp-block-heading has-text-align-center has-palette-color-8-color has-text-color has-background has-link-color has-medium-font-size wp-elements-55aa1a5c07259a0584f3c2b5facf3598\" style=\"background-color:#c19a56;margin-top:1px;margin-right:28px;margin-bottom:1px;margin-left:28px;padding-top:1px;padding-bottom:1px\">U6 &#8211; U7<\/h2>\n\n\n\n<h2 class=\"wp-block-heading has-text-align-center has-palette-color-8-background-color has-text-color has-background has-link-color has-medium-font-size wp-elements-df627a132416e51e01f502ba23f80c43\" style=\"color:#c19a56;margin-top:1px;margin-right:28px;margin-bottom:1px;margin-left:28px;padding-top:1px;padding-bottom:1px\">Responsable : Braud Esteban<\/h2>\n\n\n\n<h2 class=\"wp-block-heading has-text-align-center has-palette-color-8-color has-text-color has-background has-link-color has-medium-font-size wp-elements-ddd04e980099b04eaa9e6bb677f64847\" style=\"background-color:#c19a56;margin-top:1px;margin-right:28px;margin-bottom:1px;margin-left:28px;padding-top:1px;padding-bottom:1px\">Dirigeants : Beaufils Timoth\u00e9<\/h2>\n\n\n\n<h2 class=\"wp-block-heading has-text-align-center has-palette-color-8-background-color has-text-color has-background has-link-color has-medium-font-size wp-elements-dc3c671e92ea185361e615382e402bfe\" style=\"color:#c19a56;margin-top:1px;margin-right:28px;margin-bottom:1px;margin-left:28px;padding-top:1px;padding-bottom:1px\">Entra\u00eenement : <br>Mercredi 10h30-11h45<br>Samedi 10h30-12h<\/h2>\n<\/div>\n<\/div>\n\n\n\n<div class=\"wp-block-columns is-layout-flex wp-container-core-columns-is-layout-28f84493 wp-block-columns-is-layout-flex\">\n<div class=\"wp-block-column is-layout-flow wp-block-column-is-layout-flow\">\n<figure class=\"wp-block-image size-large\"><img loading=\"lazy\" decoding=\"async\" width=\"1024\" height=\"683\" src=\"http:\/\/etoilea.cluster030.hosting.ovh.net\/dev\/wp-content\/uploads\/2024\/11\/U8-U9-1024x683.jpg\" alt=\"\" class=\"wp-image-1268\" srcset=\"https:\/\/etoilemouzillonnaisefoot.fr\/wp-content\/uploads\/2024\/11\/U8-U9-1024x683.jpg 1024w, https:\/\/etoilemouzillonnaisefoot.fr\/wp-content\/uploads\/2024\/11\/U8-U9-300x200.jpg 300w, https:\/\/etoilemouzillonnaisefoot.fr\/wp-content\/uploads\/2024\/11\/U8-U9-768x512.jpg 768w, https:\/\/etoilemouzillonnaisefoot.fr\/wp-content\/uploads\/2024\/11\/U8-U9-1536x1024.jpg 1536w, https:\/\/etoilemouzillonnaisefoot.fr\/wp-content\/uploads\/2024\/11\/U8-U9-600x400.jpg 600w, https:\/\/etoilemouzillonnaisefoot.fr\/wp-content\/uploads\/2024\/11\/U8-U9.jpg 2048w\" sizes=\"auto, (max-width: 1024px) 100vw, 1024px\" \/><\/figure>\n<\/div>\n\n\n\n<div class=\"wp-block-column is-layout-flow wp-block-column-is-layout-flow\">\n<h2 class=\"wp-block-heading has-text-align-center has-palette-color-8-color has-text-color has-background has-link-color has-medium-font-size wp-elements-512799eb1df4a1e3fc8dc997f54c4194\" style=\"background-color:#c19a56;margin-top:1px;margin-right:28px;margin-bottom:1px;margin-left:28px;padding-top:1px;padding-bottom:1px\">U8 &#8211; U9<\/h2>\n\n\n\n<h2 class=\"wp-block-heading has-text-align-center has-palette-color-8-background-color has-text-color has-background has-link-color has-medium-font-size wp-elements-6a639821c8f69e32395917298aed1ec5\" style=\"color:#c19a56;margin-top:1px;margin-right:28px;margin-bottom:1px;margin-left:28px;padding-top:1px;padding-bottom:1px\">Responsable : No\u00e9 Chesnaye<\/h2>\n\n\n\n<h2 class=\"wp-block-heading has-text-align-center has-palette-color-8-color has-text-color has-background has-link-color has-medium-font-size wp-elements-a97a770a3b5fa41fd773ca8609d043a4\" style=\"background-color:#c19a56;margin-top:1px;margin-right:28px;margin-bottom:1px;margin-left:28px;padding-top:1px;padding-bottom:1px\">Dirigeants :<br>Nino Hervouet, Na\u00efssa Chesnaye<\/h2>\n\n\n\n<h2 class=\"wp-block-heading has-text-align-center has-palette-color-8-background-color has-text-color has-background has-link-color has-medium-font-size wp-elements-5d1f476f1f9dda778f3750fc18b8c0c7\" style=\"color:#c19a56;margin-top:1px;margin-right:28px;margin-bottom:1px;margin-left:28px;padding-top:1px;padding-bottom:1px\">Entra\u00eenements : <br>Mercredi 14h30-16h <br>Samedi 10h30-12h <\/h2>\n<\/div>\n<\/div>\n\n\n\n<div class=\"wp-block-columns is-layout-flex wp-container-core-columns-is-layout-28f84493 wp-block-columns-is-layout-flex\">\n<div class=\"wp-block-column is-layout-flow wp-block-column-is-layout-flow\">\n<figure class=\"wp-block-image size-large\"><img loading=\"lazy\" decoding=\"async\" width=\"1024\" height=\"682\" src=\"https:\/\/etoilemouzillonnaisefoot.fr\/wp-content\/uploads\/2024\/11\/WhatsApp-Image-2024-11-21-a-08.10.27_6e601bd9-1024x682.jpg\" alt=\"\" class=\"wp-image-1612\" srcset=\"https:\/\/etoilemouzillonnaisefoot.fr\/wp-content\/uploads\/2024\/11\/WhatsApp-Image-2024-11-21-a-08.10.27_6e601bd9-1024x682.jpg 1024w, https:\/\/etoilemouzillonnaisefoot.fr\/wp-content\/uploads\/2024\/11\/WhatsApp-Image-2024-11-21-a-08.10.27_6e601bd9-300x200.jpg 300w, https:\/\/etoilemouzillonnaisefoot.fr\/wp-content\/uploads\/2024\/11\/WhatsApp-Image-2024-11-21-a-08.10.27_6e601bd9-768x512.jpg 768w, https:\/\/etoilemouzillonnaisefoot.fr\/wp-content\/uploads\/2024\/11\/WhatsApp-Image-2024-11-21-a-08.10.27_6e601bd9-1536x1023.jpg 1536w, https:\/\/etoilemouzillonnaisefoot.fr\/wp-content\/uploads\/2024\/11\/WhatsApp-Image-2024-11-21-a-08.10.27_6e601bd9-600x400.jpg 600w, https:\/\/etoilemouzillonnaisefoot.fr\/wp-content\/uploads\/2024\/11\/WhatsApp-Image-2024-11-21-a-08.10.27_6e601bd9.jpg 1600w\" sizes=\"auto, (max-width: 1024px) 100vw, 1024px\" \/><\/figure>\n\n\n\n<figure class=\"wp-block-image size-large\"><img loading=\"lazy\" decoding=\"async\" width=\"1024\" height=\"682\" src=\"https:\/\/etoilemouzillonnaisefoot.fr\/wp-content\/uploads\/2024\/11\/WhatsApp-Image-2024-11-21-a-08.10.28_c25aae3b-1024x682.jpg\" alt=\"\" class=\"wp-image-1610\" srcset=\"https:\/\/etoilemouzillonnaisefoot.fr\/wp-content\/uploads\/2024\/11\/WhatsApp-Image-2024-11-21-a-08.10.28_c25aae3b-1024x682.jpg 1024w, https:\/\/etoilemouzillonnaisefoot.fr\/wp-content\/uploads\/2024\/11\/WhatsApp-Image-2024-11-21-a-08.10.28_c25aae3b-300x200.jpg 300w, https:\/\/etoilemouzillonnaisefoot.fr\/wp-content\/uploads\/2024\/11\/WhatsApp-Image-2024-11-21-a-08.10.28_c25aae3b-768x512.jpg 768w, https:\/\/etoilemouzillonnaisefoot.fr\/wp-content\/uploads\/2024\/11\/WhatsApp-Image-2024-11-21-a-08.10.28_c25aae3b-1536x1023.jpg 1536w, https:\/\/etoilemouzillonnaisefoot.fr\/wp-content\/uploads\/2024\/11\/WhatsApp-Image-2024-11-21-a-08.10.28_c25aae3b-600x400.jpg 600w, https:\/\/etoilemouzillonnaisefoot.fr\/wp-content\/uploads\/2024\/11\/WhatsApp-Image-2024-11-21-a-08.10.28_c25aae3b.jpg 1600w\" sizes=\"auto, (max-width: 1024px) 100vw, 1024px\" \/><\/figure>\n<\/div>\n\n\n\n<div class=\"wp-block-column is-layout-flow wp-block-column-is-layout-flow\">\n<h2 class=\"wp-block-heading has-text-align-center has-palette-color-8-color has-text-color has-background has-link-color has-medium-font-size wp-elements-de1da971409d5605b25ce4b4a7bca80f\" style=\"background-color:#c19a56;margin-top:1px;margin-right:28px;margin-bottom:1px;margin-left:28px;padding-top:1px;padding-bottom:1px\">U10 &#8211; U11<\/h2>\n\n\n\n<h2 class=\"wp-block-heading has-text-align-center has-palette-color-8-background-color has-text-color has-background has-link-color has-medium-font-size wp-elements-5f8ce118bb08006563478b98448a6f07\" style=\"color:#c19a56;margin-top:1px;margin-right:28px;margin-bottom:1px;margin-left:28px;padding-top:1px;padding-bottom:1px\">Responsable : Adam Gautier<\/h2>\n\n\n\n<h2 class=\"wp-block-heading has-text-align-center has-palette-color-8-color has-text-color has-background has-link-color has-medium-font-size wp-elements-ef2c66d252b9e0f0a40348ce9eb96551\" style=\"background-color:#c19a56;margin-top:1px;margin-right:28px;margin-bottom:1px;margin-left:28px;padding-top:1px;padding-bottom:1px\">Dirigeants : Nathan Diomand\u00e9, <br>L\u00e9o Derouet, Jules Girardeau, Charlie Brosseau<\/h2>\n\n\n\n<h2 class=\"wp-block-heading has-text-align-center has-palette-color-8-background-color has-text-color has-background has-link-color has-medium-font-size wp-elements-704b0e1d78a83c11cb89fa50a5a966c5\" style=\"color:#c19a56;margin-top:1px;margin-right:28px;margin-bottom:1px;margin-left:28px;padding-top:1px;padding-bottom:1px\">Entra\u00eenements : <br>Lundi : 18h15-19h30<br>Mercredi : 14h30-16h<\/h2>\n<\/div>\n<\/div>\n","protected":false},"excerpt":{"rendered":"<p>\u00c9quipes \u00c9cole de foot masculin U6 \u00e0 U11 U6 &#8211; U7 Responsable : Braud Esteban Dirigeants : Beaufils Timoth\u00e9 Entra\u00eenement : Mercredi 10h30-11h45Samedi 10h30-12h U8 &#8211; U9 Responsable : No\u00e9 Chesnaye Dirigeants :Nino Hervouet, Na\u00efssa Chesnaye Entra\u00eenements : Mercredi 14h30-16h Samedi 10h30-12h U10 &#8211; U11 Responsable : Adam Gautier Dirigeants : Nathan Diomand\u00e9, L\u00e9o Derouet, [&hellip;]<\/p>\n","protected":false},"author":1,"featured_media":0,"parent":0,"menu_order":0,"comment_status":"closed","ping_status":"closed","template":"","meta":{"footnotes":""},"class_list":["post-849","page","type-page","status-publish","hentry"],"blocksy_meta":[],"_links":{"self":[{"href":"https:\/\/etoilemouzillonnaisefoot.fr\/index.php\/wp-json\/wp\/v2\/pages\/849","targetHints":{"allow":["GET"]}}],"collection":[{"href":"https:\/\/etoilemouzillonnaisefoot.fr\/index.php\/wp-json\/wp\/v2\/pages"}],"about":[{"href":"https:\/\/etoilemouzillonnaisefoot.fr\/index.php\/wp-json\/wp\/v2\/types\/page"}],"author":[{"embeddable":true,"href":"https:\/\/etoilemouzillonnaisefoot.fr\/index.php\/wp-json\/wp\/v2\/users\/1"}],"replies":[{"embeddable":true,"href":"https:\/\/etoilemouzillonnaisefoot.fr\/index.php\/wp-json\/wp\/v2\/comments?post=849"}],"version-history":[{"count":10,"href":"https:\/\/etoilemouzillonnaisefoot.fr\/index.php\/wp-json\/wp\/v2\/pages\/849\/revisions"}],"predecessor-version":[{"id":2142,"href":"https:\/\/etoilemouzillonnaisefoot.fr\/index.php\/wp-json\/wp\/v2\/pages\/849\/revisions\/2142"}],"wp:attachment":[{"href":"https:\/\/etoilemouzillonnaisefoot.fr\/index.php\/wp-json\/wp\/v2\/media?parent=849"}],"curies":[{"name":"wp","href":"https:\/\/api.w.org\/{rel}","templated":true}]}}