{"id":197,"date":"2024-03-04T14:49:31","date_gmt":"2024-03-04T13:49:31","guid":{"rendered":"http:\/\/etoilea.cluster030.hosting.ovh.net\/dev\/?page_id=197"},"modified":"2024-11-23T16:25:09","modified_gmt":"2024-11-23T15:25:09","slug":"benevoles","status":"publish","type":"page","link":"https:\/\/etoilemouzillonnaisefoot.fr\/index.php\/benevoles\/","title":{"rendered":"B\u00e9n\u00e9voles"},"content":{"rendered":"\n<h2 class=\"wp-block-heading has-text-align-center has-text-color has-link-color has-x-large-font-size wp-elements-b78b4fc2edaebc809c6770ee6be3d9c0\" style=\"color:#ed1319\">B\u00e9n\u00e9voles<\/h2>\n\n\n\n<div class=\"wp-block-media-text is-stacked-on-mobile\"><figure class=\"wp-block-media-text__media\"><img loading=\"lazy\" decoding=\"async\" width=\"1024\" height=\"625\" src=\"http:\/\/etoilea.cluster030.hosting.ovh.net\/dev\/wp-content\/uploads\/2024\/11\/2024_2025_Benevoles-1024x625.jpg\" alt=\"\" class=\"wp-image-1179 size-full\" srcset=\"https:\/\/etoilemouzillonnaisefoot.fr\/wp-content\/uploads\/2024\/11\/2024_2025_Benevoles-1024x625.jpg 1024w, https:\/\/etoilemouzillonnaisefoot.fr\/wp-content\/uploads\/2024\/11\/2024_2025_Benevoles-300x183.jpg 300w, https:\/\/etoilemouzillonnaisefoot.fr\/wp-content\/uploads\/2024\/11\/2024_2025_Benevoles-768x469.jpg 768w, https:\/\/etoilemouzillonnaisefoot.fr\/wp-content\/uploads\/2024\/11\/2024_2025_Benevoles-600x366.jpg 600w, https:\/\/etoilemouzillonnaisefoot.fr\/wp-content\/uploads\/2024\/11\/2024_2025_Benevoles.jpg 1101w\" sizes=\"auto, (max-width: 1024px) 100vw, 1024px\" \/><\/figure><div class=\"wp-block-media-text__content\">\n<p>Vous aimez l\u2019\u00e9toile Mouzillonnaise Football ?<br>Nos b\u00e9n\u00e9voles, eux oui !<\/p>\n\n\n\n<p><br>Depuis des ann\u00e9es, notre club peut compter sur eux ! <\/p>\n\n\n\n<p>Que ce soit, bien entendu, du c\u00f4t\u00e9 sportif en tant que dirigeant mais aussi du c\u00f4t\u00e9 associatif\u2026<\/p>\n\n\n\n<p>Nous vous attendons pour la tenue du bar le dimanche, le tra\u00e7age du terrain, l&rsquo;entretien courant de nos locaux, la pr\u00e9paration de nos \u00e9v\u00e9nements (tournois, concours de palets, soir\u00e9e du Club, matin\u00e9e taillage, etc.)<br>ll y a de la place pour tous dans la famille de l&rsquo;Etoile !<br>On compte sur vous pour nous aider, m\u00eame si ce n&rsquo;est que pour quelques heures !<br>Un Club n&rsquo;est rien sans ses b\u00e9n\u00e9voles&nbsp;!<\/p>\n\n\n\n<p>Pour tout renseignement, <a href=\"https:\/\/etoilemouzillonnaisefoot.fr\/index.php\/formulaire_benevoles\/\" data-type=\"page\" data-id=\"1217\" target=\"_blank\" rel=\"noreferrer noopener\">cliquez ici<\/a><\/p>\n<\/div><\/div>\n","protected":false},"excerpt":{"rendered":"<p>B\u00e9n\u00e9voles Vous aimez l\u2019\u00e9toile Mouzillonnaise Football ?Nos b\u00e9n\u00e9voles, eux oui ! Depuis des ann\u00e9es, notre club peut compter sur eux ! Que ce soit, bien entendu, du c\u00f4t\u00e9 sportif en tant que dirigeant mais aussi du c\u00f4t\u00e9 associatif\u2026 Nous vous attendons pour la tenue du bar le dimanche, le tra\u00e7age du terrain, l&rsquo;entretien courant de [&hellip;]<\/p>\n","protected":false},"author":1,"featured_media":0,"parent":0,"menu_order":0,"comment_status":"closed","ping_status":"closed","template":"","meta":{"footnotes":""},"class_list":["post-197","page","type-page","status-publish","hentry"],"blocksy_meta":[],"_links":{"self":[{"href":"https:\/\/etoilemouzillonnaisefoot.fr\/index.php\/wp-json\/wp\/v2\/pages\/197","targetHints":{"allow":["GET"]}}],"collection":[{"href":"https:\/\/etoilemouzillonnaisefoot.fr\/index.php\/wp-json\/wp\/v2\/pages"}],"about":[{"href":"https:\/\/etoilemouzillonnaisefoot.fr\/index.php\/wp-json\/wp\/v2\/types\/page"}],"author":[{"embeddable":true,"href":"https:\/\/etoilemouzillonnaisefoot.fr\/index.php\/wp-json\/wp\/v2\/users\/1"}],"replies":[{"embeddable":true,"href":"https:\/\/etoilemouzillonnaisefoot.fr\/index.php\/wp-json\/wp\/v2\/comments?post=197"}],"version-history":[{"count":11,"href":"https:\/\/etoilemouzillonnaisefoot.fr\/index.php\/wp-json\/wp\/v2\/pages\/197\/revisions"}],"predecessor-version":[{"id":1694,"href":"https:\/\/etoilemouzillonnaisefoot.fr\/index.php\/wp-json\/wp\/v2\/pages\/197\/revisions\/1694"}],"wp:attachment":[{"href":"https:\/\/etoilemouzillonnaisefoot.fr\/index.php\/wp-json\/wp\/v2\/media?parent=197"}],"curies":[{"name":"wp","href":"https:\/\/api.w.org\/{rel}","templated":true}]}}