{"id":1708,"date":"2024-11-23T18:51:56","date_gmt":"2024-11-23T17:51:56","guid":{"rendered":"https:\/\/etoilemouzillonnaisefoot.fr\/?page_id=1708"},"modified":"2025-09-03T10:43:43","modified_gmt":"2025-09-03T08:43:43","slug":"equipe-ecole-de-foot-gfmv-new","status":"publish","type":"page","link":"https:\/\/etoilemouzillonnaisefoot.fr\/index.php\/equipe-ecole-de-foot-gfmv-new\/","title":{"rendered":"\u00c9cole de foot GFMV"},"content":{"rendered":"\n<div class=\"wp-block-columns is-layout-flex wp-container-core-columns-is-layout-28f84493 wp-block-columns-is-layout-flex\">\n<div class=\"wp-block-column is-layout-flow wp-block-column-is-layout-flow\">\n<figure class=\"wp-block-image aligncenter size-full has-custom-border is-style-default wp-duotone-unset-1\"><img loading=\"lazy\" decoding=\"async\" width=\"1600\" height=\"1066\" src=\"https:\/\/etoilemouzillonnaisefoot.fr\/wp-content\/uploads\/2024\/11\/WhatsApp-Image-2024-11-21-a-08.10.28_0c73b27b.jpg\" alt=\"\" class=\"wp-image-1607\" style=\"border-style:none;border-width:0px;border-radius:0px\" srcset=\"https:\/\/etoilemouzillonnaisefoot.fr\/wp-content\/uploads\/2024\/11\/WhatsApp-Image-2024-11-21-a-08.10.28_0c73b27b.jpg 1600w, https:\/\/etoilemouzillonnaisefoot.fr\/wp-content\/uploads\/2024\/11\/WhatsApp-Image-2024-11-21-a-08.10.28_0c73b27b-300x200.jpg 300w, https:\/\/etoilemouzillonnaisefoot.fr\/wp-content\/uploads\/2024\/11\/WhatsApp-Image-2024-11-21-a-08.10.28_0c73b27b-1024x682.jpg 1024w, https:\/\/etoilemouzillonnaisefoot.fr\/wp-content\/uploads\/2024\/11\/WhatsApp-Image-2024-11-21-a-08.10.28_0c73b27b-768x512.jpg 768w, https:\/\/etoilemouzillonnaisefoot.fr\/wp-content\/uploads\/2024\/11\/WhatsApp-Image-2024-11-21-a-08.10.28_0c73b27b-1536x1023.jpg 1536w, https:\/\/etoilemouzillonnaisefoot.fr\/wp-content\/uploads\/2024\/11\/WhatsApp-Image-2024-11-21-a-08.10.28_0c73b27b-600x400.jpg 600w\" sizes=\"auto, (max-width: 1600px) 100vw, 1600px\" \/><\/figure>\n\n\n\n<h6 class=\"wp-block-heading has-text-align-center has-text-color has-background has-link-color wp-elements-6050358690a15ec667b7424f04ff0a00\" style=\"color:#bf3993;background-color:#e5cee9;margin-top:1px;margin-right:28px;margin-bottom:1px;margin-left:28px;padding-top:1px;padding-bottom:1px;font-size:clamp(14px, 0.875rem + ((1vw - 3.2px) * 0.469), 20px);\">Responsable : Fr\u00e9d\u00e9ric Rodier (FCEV)<\/h6>\n\n\n\n<h6 class=\"wp-block-heading has-text-align-center has-white-color has-text-color has-background has-link-color wp-elements-c7e0adbbb6f1d85ee8c87fd3b468667b\" style=\"background-color:#bf3993;margin-top:1px;margin-right:28px;margin-bottom:1px;margin-left:28px;padding-top:1px;padding-bottom:1px;font-size:clamp(14px, 0.875rem + ((1vw - 3.2px) * 0.469), 20px);\">Dirigeants : Grolleau Nina<\/h6>\n\n\n\n<h6 class=\"wp-block-heading has-text-align-center has-text-color has-background has-link-color wp-elements-c44a1fdcaaad48a910143d6cec96af2c\" style=\"color:#bf3993;background-color:#e5cee9;margin-top:1px;margin-right:28px;margin-bottom:1px;margin-left:28px;padding-top:1px;padding-bottom:1px;font-size:clamp(14px, 0.875rem + ((1vw - 3.2px) * 0.469), 20px);\">Entra\u00eenements :<br>Mercredi 14h-15h15 <\/h6>\n<\/div>\n\n\n\n<div class=\"wp-block-column is-layout-flow wp-block-column-is-layout-flow\">\n<figure class=\"wp-block-image aligncenter size-full has-custom-border is-style-default wp-duotone-unset-2\"><img loading=\"lazy\" decoding=\"async\" width=\"1600\" height=\"1066\" src=\"https:\/\/etoilemouzillonnaisefoot.fr\/wp-content\/uploads\/2024\/11\/WhatsApp-Image-2024-11-21-a-08.10.25_05c96b65.jpg\" alt=\"\" class=\"wp-image-1608\" style=\"border-style:none;border-width:0px;border-radius:0px\" srcset=\"https:\/\/etoilemouzillonnaisefoot.fr\/wp-content\/uploads\/2024\/11\/WhatsApp-Image-2024-11-21-a-08.10.25_05c96b65.jpg 1600w, https:\/\/etoilemouzillonnaisefoot.fr\/wp-content\/uploads\/2024\/11\/WhatsApp-Image-2024-11-21-a-08.10.25_05c96b65-300x200.jpg 300w, https:\/\/etoilemouzillonnaisefoot.fr\/wp-content\/uploads\/2024\/11\/WhatsApp-Image-2024-11-21-a-08.10.25_05c96b65-1024x682.jpg 1024w, https:\/\/etoilemouzillonnaisefoot.fr\/wp-content\/uploads\/2024\/11\/WhatsApp-Image-2024-11-21-a-08.10.25_05c96b65-768x512.jpg 768w, https:\/\/etoilemouzillonnaisefoot.fr\/wp-content\/uploads\/2024\/11\/WhatsApp-Image-2024-11-21-a-08.10.25_05c96b65-1536x1023.jpg 1536w, https:\/\/etoilemouzillonnaisefoot.fr\/wp-content\/uploads\/2024\/11\/WhatsApp-Image-2024-11-21-a-08.10.25_05c96b65-600x400.jpg 600w\" sizes=\"auto, (max-width: 1600px) 100vw, 1600px\" \/><\/figure>\n\n\n\n<h6 class=\"wp-block-heading has-text-align-center has-text-color has-background has-link-color wp-elements-dacef9280cc25f1f9d855b5dcb5646da\" style=\"color:#bf3993;background-color:#e5cee9;margin-top:1px;margin-right:28px;margin-bottom:1px;margin-left:28px;padding-top:1px;padding-bottom:1px;font-size:clamp(14px, 0.875rem + ((1vw - 3.2px) * 0.469), 20px);\">U10 F &#8211; U11 F <\/h6>\n\n\n\n<h6 class=\"wp-block-heading has-text-align-center has-white-color has-text-color has-background has-link-color wp-elements-9b5fb03d685c746ad3f77e1bd49db2a6\" style=\"background-color:#bf3993;margin-top:1px;margin-right:28px;margin-bottom:1px;margin-left:28px;padding-top:1px;padding-bottom:1px;font-size:clamp(14px, 0.875rem + ((1vw - 3.2px) * 0.469), 20px);\">Responsables : Pierre-Emmanuel Drouet<\/h6>\n\n\n\n<h6 class=\"wp-block-heading has-text-align-center has-text-color has-background has-link-color wp-elements-4dcd5f60b0e004284f374037e20bdd55\" style=\"color:#bf3993;background-color:#e5cee9;margin-top:1px;margin-right:28px;margin-bottom:1px;margin-left:28px;padding-top:1px;padding-bottom:1px;font-size:clamp(14px, 0.875rem + ((1vw - 3.2px) * 0.469), 20px);\">Dirigeants : Lilian Onno<\/h6>\n\n\n\n<h6 class=\"wp-block-heading has-text-align-center has-white-color has-text-color has-background has-link-color wp-elements-42c356a07a15e5cb23bf51e56e5a23fa\" style=\"background-color:#bf3993;margin-top:1px;margin-right:28px;margin-bottom:1px;margin-left:28px;padding-top:1px;padding-bottom:1px;font-size:clamp(14px, 0.875rem + ((1vw - 3.2px) * 0.469), 20px);\">Entra\u00eenements : Paulo Pires-Seixas<br>Lundi 18h30-19h30<br>Mercredi 15h45-17h15<\/h6>\n<\/div>\n<\/div>\n","protected":false},"excerpt":{"rendered":"<p>Responsable : Fr\u00e9d\u00e9ric Rodier (FCEV) Dirigeants : Grolleau Nina Entra\u00eenements :Mercredi 14h-15h15 U10 F &#8211; U11 F Responsables : Pierre-Emmanuel Drouet Dirigeants : Lilian Onno Entra\u00eenements : Paulo Pires-SeixasLundi 18h30-19h30Mercredi 15h45-17h15<\/p>\n","protected":false},"author":1,"featured_media":0,"parent":0,"menu_order":0,"comment_status":"closed","ping_status":"closed","template":"","meta":{"footnotes":""},"class_list":["post-1708","page","type-page","status-publish","hentry"],"blocksy_meta":[],"_links":{"self":[{"href":"https:\/\/etoilemouzillonnaisefoot.fr\/index.php\/wp-json\/wp\/v2\/pages\/1708","targetHints":{"allow":["GET"]}}],"collection":[{"href":"https:\/\/etoilemouzillonnaisefoot.fr\/index.php\/wp-json\/wp\/v2\/pages"}],"about":[{"href":"https:\/\/etoilemouzillonnaisefoot.fr\/index.php\/wp-json\/wp\/v2\/types\/page"}],"author":[{"embeddable":true,"href":"https:\/\/etoilemouzillonnaisefoot.fr\/index.php\/wp-json\/wp\/v2\/users\/1"}],"replies":[{"embeddable":true,"href":"https:\/\/etoilemouzillonnaisefoot.fr\/index.php\/wp-json\/wp\/v2\/comments?post=1708"}],"version-history":[{"count":6,"href":"https:\/\/etoilemouzillonnaisefoot.fr\/index.php\/wp-json\/wp\/v2\/pages\/1708\/revisions"}],"predecessor-version":[{"id":2161,"href":"https:\/\/etoilemouzillonnaisefoot.fr\/index.php\/wp-json\/wp\/v2\/pages\/1708\/revisions\/2161"}],"wp:attachment":[{"href":"https:\/\/etoilemouzillonnaisefoot.fr\/index.php\/wp-json\/wp\/v2\/media?parent=1708"}],"curies":[{"name":"wp","href":"https:\/\/api.w.org\/{rel}","templated":true}]}}