{"id":1626,"date":"2024-11-23T07:37:16","date_gmt":"2024-11-23T06:37:16","guid":{"rendered":"https:\/\/etoilemouzillonnaisefoot.fr\/?page_id=1626"},"modified":"2024-11-23T16:04:02","modified_gmt":"2024-11-23T15:04:02","slug":"histoire-feminines-groupement","status":"publish","type":"page","link":"https:\/\/etoilemouzillonnaisefoot.fr\/index.php\/histoire-feminines-groupement\/","title":{"rendered":"Histoire F\u00e9minines &#8211; Groupements"},"content":{"rendered":"\n<h2 class=\"wp-block-heading has-text-align-center has-text-color has-link-color has-x-large-font-size wp-elements-307acfd4b118c230aa86958957fbd4f1\" style=\"color:#ed1319\">Le foot f\u00e9minin et <br>les groupements de jeunes filles &amp; gar\u00e7ons<\/h2>\n\n\n\n<h1 class=\"wp-block-heading has-text-align-center has-text-color has-link-color has-x-large-font-size wp-elements-8c96d96b571968179c9588500c2407ff\" style=\"color:#ed1319\"><mark style=\"background-color:rgba(0, 0, 0, 0)\" class=\"has-inline-color has-palette-color-3-color\">Le foot f\u00e9minin<\/mark><\/h1>\n\n\n\n<p class=\"has-medium-font-size\"><strong>L\u2019\u00c9toile Mouzillonnaise et le foot f\u00e9minin<\/strong><\/p>\n\n\n\n<p>Mouzillon a cr\u00e9\u00e9 sa section f\u00e9minine en 2007 et se veut en \u00eatre la r\u00e9f\u00e9rence dans le Vignoble nantais et le sud Loire, apr\u00e8s avoir \u00e9t\u00e9 un des Clubs pionniers \u2026avant le FC Nantes !<br>Les sections f\u00e9minines jeunes jusqu&rsquo;\u00e0 U18F font d\u00e9sormais partie du <strong>Groupement F\u00e9minin Mouzillon Vignoble (GFMV)<\/strong> avec nos voisins de l&rsquo;Entente du Vignoble depuis 2020 et du FC C\u00f4teaux du Vignoble qui nous a rejoint en septembre 2023. Il est labellis\u00e9 FFF \u201cOr\u201d.<\/p>\n\n\n\n<figure class=\"wp-block-image aligncenter size-full is-resized\"><img loading=\"lazy\" decoding=\"async\" width=\"2500\" height=\"2500\" src=\"https:\/\/etoilemouzillonnaisefoot.fr\/wp-content\/uploads\/2024\/06\/Logo-GFMV.jpg\" alt=\"\" class=\"wp-image-783\" style=\"width:172px;height:auto\" srcset=\"https:\/\/etoilemouzillonnaisefoot.fr\/wp-content\/uploads\/2024\/06\/Logo-GFMV.jpg 2500w, https:\/\/etoilemouzillonnaisefoot.fr\/wp-content\/uploads\/2024\/06\/Logo-GFMV-300x300.jpg 300w, https:\/\/etoilemouzillonnaisefoot.fr\/wp-content\/uploads\/2024\/06\/Logo-GFMV-1024x1024.jpg 1024w, https:\/\/etoilemouzillonnaisefoot.fr\/wp-content\/uploads\/2024\/06\/Logo-GFMV-150x150.jpg 150w, https:\/\/etoilemouzillonnaisefoot.fr\/wp-content\/uploads\/2024\/06\/Logo-GFMV-768x768.jpg 768w, https:\/\/etoilemouzillonnaisefoot.fr\/wp-content\/uploads\/2024\/06\/Logo-GFMV-1536x1536.jpg 1536w, https:\/\/etoilemouzillonnaisefoot.fr\/wp-content\/uploads\/2024\/06\/Logo-GFMV-2048x2048.jpg 2048w, https:\/\/etoilemouzillonnaisefoot.fr\/wp-content\/uploads\/2024\/06\/Logo-GFMV-600x600.jpg 600w, https:\/\/etoilemouzillonnaisefoot.fr\/wp-content\/uploads\/2024\/06\/Logo-GFMV-100x100.jpg 100w\" sizes=\"auto, (max-width: 2500px) 100vw, 2500px\" \/><\/figure>\n\n\n\n<p>En seniors f\u00e9minines, nos deux \u00e9quipes \u00e9voluent en 2024\/25 en R\u00e9gional 2 ainsi qu\u2019en D2.<br>Une section Loisirs f\u00e9minines est \u00e9galement bien active afin de permettre une pratique du football d\u00e9couverte et plaisir.<br>En 2023, le club a inaugur\u00e9 son nouveau terrain synth\u00e9tique garni en mat\u00e9riau \u00e9cologique en pr\u00e9sence de sa marraine, Laura Georges, 182 s\u00e9lections en \u00e9quipe de France et membre du Comex et actuelle secr\u00e9taire g\u00e9n\u00e9rale de la FFF. Il avait tiss\u00e9 avec elle des liens \u00e9troits pendant la p\u00e9riode Covid en organisant une visio avec les licenci\u00e9es. Ensemble, le Club a organis\u00e9 une conf\u00e9rence sur les cl\u00e9s de la r\u00e9ussite : histoires de parcours de vie inspirants, entrepreneuriat et sport.<br>Notre relation avec Laura Georges remonte \u00e0 mars 2020. Elle \u00e9tait \u00e0 l\u2019\u00e9poque pr\u00e9sidente du jury du troph\u00e9e Philippe Seguin que nous avions remport\u00e9 sur le plan national. Il r\u00e9compensait notre dossier concernant la sensibilisation \u00e0 l\u2019arbitrage, cat\u00e9gorie citoyennet\u00e9 et \u00e9ducation\u201d pr\u00e9cise Paulo Pires-Seixas, charg\u00e9 de projet \u00e0 l\u2019\u00c9toile Mouzillonnaise.<br><br>Allez les filles !<\/p>\n\n\n\n<figure class=\"wp-block-image aligncenter size-full is-resized\"><img loading=\"lazy\" decoding=\"async\" width=\"2560\" height=\"1440\" src=\"https:\/\/etoilemouzillonnaisefoot.fr\/wp-content\/uploads\/2024\/11\/IMG_20230503_191757-scaled.jpg\" alt=\"\" class=\"wp-image-1632\" style=\"width:560px;height:auto\" srcset=\"https:\/\/etoilemouzillonnaisefoot.fr\/wp-content\/uploads\/2024\/11\/IMG_20230503_191757-scaled.jpg 2560w, https:\/\/etoilemouzillonnaisefoot.fr\/wp-content\/uploads\/2024\/11\/IMG_20230503_191757-300x169.jpg 300w, https:\/\/etoilemouzillonnaisefoot.fr\/wp-content\/uploads\/2024\/11\/IMG_20230503_191757-1024x576.jpg 1024w, https:\/\/etoilemouzillonnaisefoot.fr\/wp-content\/uploads\/2024\/11\/IMG_20230503_191757-768x432.jpg 768w, https:\/\/etoilemouzillonnaisefoot.fr\/wp-content\/uploads\/2024\/11\/IMG_20230503_191757-1536x864.jpg 1536w, https:\/\/etoilemouzillonnaisefoot.fr\/wp-content\/uploads\/2024\/11\/IMG_20230503_191757-2048x1152.jpg 2048w, https:\/\/etoilemouzillonnaisefoot.fr\/wp-content\/uploads\/2024\/11\/IMG_20230503_191757-600x338.jpg 600w\" sizes=\"auto, (max-width: 2560px) 100vw, 2560px\" \/><\/figure>\n\n\n\n<h1 class=\"wp-block-heading has-text-align-center has-text-color has-link-color has-x-large-font-size wp-elements-98807499e5f66e2bd9b0819a9fae9dd3\" style=\"color:#ed1319\"><mark style=\"background-color:rgba(0, 0, 0, 0)\" class=\"has-inline-color has-palette-color-3-color\">Le Groupement Jeunes du Vignoble<\/mark><\/h1>\n\n\n\n<p class=\"has-text-align-center\"><\/p>\n\n\n\n<p>Petits changements en d\u00e9but de saison 2024\/2025 \u2026<br>Nos jeunes gar\u00e7ons, de U12 \u00e0 U19, jouent d\u00e9sormais en groupement avec nos voisins de l\u2019Entente du Vignoble au sein du <strong>Groupement Jeunes du Vignoble<\/strong>.<br>Exit les chaussettes rouge et blanc \u2026vive les chaussettes bleu marine !<br>Apr\u00e8s 2 saisons pendant lesquelles les cat\u00e9gories U13 puis U15 \u00e9taient en entente avec l\u2019Entente du Vignoble, nos jeunes de U12 \u00e0 U19 peuvent d\u00e9sormais jouer chacun \u00e0 leur niveau gr\u00e2ce \u00e0 une tr\u00e8s belle collaboration entre nos deux clubs.<br>Voici donc le temps du \u00ab Groupement Jeunes du Vignoble \u00bb pour 4 saisons au minimum !<\/p>\n\n\n\n<figure class=\"wp-block-image aligncenter size-full is-resized\"><img loading=\"lazy\" decoding=\"async\" width=\"722\" height=\"720\" src=\"https:\/\/etoilemouzillonnaisefoot.fr\/wp-content\/uploads\/2024\/10\/logo-GJV.png\" alt=\"\" class=\"wp-image-1136\" style=\"width:172px;height:auto\" srcset=\"https:\/\/etoilemouzillonnaisefoot.fr\/wp-content\/uploads\/2024\/10\/logo-GJV.png 722w, https:\/\/etoilemouzillonnaisefoot.fr\/wp-content\/uploads\/2024\/10\/logo-GJV-300x300.png 300w, https:\/\/etoilemouzillonnaisefoot.fr\/wp-content\/uploads\/2024\/10\/logo-GJV-150x150.png 150w, https:\/\/etoilemouzillonnaisefoot.fr\/wp-content\/uploads\/2024\/10\/logo-GJV-600x598.png 600w, https:\/\/etoilemouzillonnaisefoot.fr\/wp-content\/uploads\/2024\/10\/logo-GJV-100x100.png 100w\" sizes=\"auto, (max-width: 722px) 100vw, 722px\" \/><\/figure>\n\n\n\n<p><\/p>\n","protected":false},"excerpt":{"rendered":"<p>Le foot f\u00e9minin et les groupements de jeunes filles &amp; gar\u00e7ons Le foot f\u00e9minin L\u2019\u00c9toile Mouzillonnaise et le foot f\u00e9minin Mouzillon a cr\u00e9\u00e9 sa section f\u00e9minine en 2007 et se veut en \u00eatre la r\u00e9f\u00e9rence dans le Vignoble nantais et le sud Loire, apr\u00e8s avoir \u00e9t\u00e9 un des Clubs pionniers \u2026avant le FC Nantes !Les [&hellip;]<\/p>\n","protected":false},"author":1,"featured_media":0,"parent":0,"menu_order":0,"comment_status":"closed","ping_status":"closed","template":"","meta":{"footnotes":""},"class_list":["post-1626","page","type-page","status-publish","hentry"],"blocksy_meta":[],"_links":{"self":[{"href":"https:\/\/etoilemouzillonnaisefoot.fr\/index.php\/wp-json\/wp\/v2\/pages\/1626","targetHints":{"allow":["GET"]}}],"collection":[{"href":"https:\/\/etoilemouzillonnaisefoot.fr\/index.php\/wp-json\/wp\/v2\/pages"}],"about":[{"href":"https:\/\/etoilemouzillonnaisefoot.fr\/index.php\/wp-json\/wp\/v2\/types\/page"}],"author":[{"embeddable":true,"href":"https:\/\/etoilemouzillonnaisefoot.fr\/index.php\/wp-json\/wp\/v2\/users\/1"}],"replies":[{"embeddable":true,"href":"https:\/\/etoilemouzillonnaisefoot.fr\/index.php\/wp-json\/wp\/v2\/comments?post=1626"}],"version-history":[{"count":17,"href":"https:\/\/etoilemouzillonnaisefoot.fr\/index.php\/wp-json\/wp\/v2\/pages\/1626\/revisions"}],"predecessor-version":[{"id":1687,"href":"https:\/\/etoilemouzillonnaisefoot.fr\/index.php\/wp-json\/wp\/v2\/pages\/1626\/revisions\/1687"}],"wp:attachment":[{"href":"https:\/\/etoilemouzillonnaisefoot.fr\/index.php\/wp-json\/wp\/v2\/media?parent=1626"}],"curies":[{"name":"wp","href":"https:\/\/api.w.org\/{rel}","templated":true}]}}