{"id":1540,"date":"2024-11-18T20:56:04","date_gmt":"2024-11-18T19:56:04","guid":{"rendered":"http:\/\/etoilea.cluster030.hosting.ovh.net\/dev\/?page_id=1540"},"modified":"2025-10-07T19:24:33","modified_gmt":"2025-10-07T17:24:33","slug":"boutique-statique","status":"publish","type":"page","link":"https:\/\/etoilemouzillonnaisefoot.fr\/index.php\/boutique-statique\/","title":{"rendered":"Boutique statique"},"content":{"rendered":"\n<h2 class=\"wp-block-heading has-text-align-center has-text-color has-link-color has-x-large-font-size wp-elements-589e5d2e8f7b034667616f4b31fd190a\" style=\"color:#ed1319\">\u00c9quipements 2025-2026<\/h2>\n\n\n\n<figure class=\"wp-block-image aligncenter size-large is-resized\"><img loading=\"lazy\" decoding=\"async\" width=\"1024\" height=\"681\" src=\"https:\/\/etoilemouzillonnaisefoot.fr\/wp-content\/uploads\/2025\/09\/IMG_3824-1024x681.jpeg\" alt=\"\" class=\"wp-image-2171\" style=\"width:579px;height:auto\" srcset=\"https:\/\/etoilemouzillonnaisefoot.fr\/wp-content\/uploads\/2025\/09\/IMG_3824-1024x681.jpeg 1024w, https:\/\/etoilemouzillonnaisefoot.fr\/wp-content\/uploads\/2025\/09\/IMG_3824-300x199.jpeg 300w, https:\/\/etoilemouzillonnaisefoot.fr\/wp-content\/uploads\/2025\/09\/IMG_3824-768x511.jpeg 768w, https:\/\/etoilemouzillonnaisefoot.fr\/wp-content\/uploads\/2025\/09\/IMG_3824-1536x1021.jpeg 1536w, https:\/\/etoilemouzillonnaisefoot.fr\/wp-content\/uploads\/2025\/09\/IMG_3824-2048x1362.jpeg 2048w, https:\/\/etoilemouzillonnaisefoot.fr\/wp-content\/uploads\/2025\/09\/IMG_3824-600x399.jpeg 600w\" sizes=\"auto, (max-width: 1024px) 100vw, 1024px\" \/><\/figure>\n\n\n\n<h2 class=\"wp-block-heading\">Doudounes mixtes<\/h2>\n\n\n\n<figure class=\"wp-block-gallery has-nested-images columns-default is-cropped wp-block-gallery-1 is-layout-flex wp-block-gallery-is-layout-flex\">\n<figure class=\"wp-block-image size-large\"><img loading=\"lazy\" decoding=\"async\" width=\"681\" height=\"1024\" data-id=\"2180\" src=\"https:\/\/etoilemouzillonnaisefoot.fr\/wp-content\/uploads\/2025\/09\/IMG_3901-1-681x1024.jpeg\" alt=\"\" class=\"wp-image-2180\" srcset=\"https:\/\/etoilemouzillonnaisefoot.fr\/wp-content\/uploads\/2025\/09\/IMG_3901-1-681x1024.jpeg 681w, https:\/\/etoilemouzillonnaisefoot.fr\/wp-content\/uploads\/2025\/09\/IMG_3901-1-199x300.jpeg 199w, https:\/\/etoilemouzillonnaisefoot.fr\/wp-content\/uploads\/2025\/09\/IMG_3901-1-768x1155.jpeg 768w, https:\/\/etoilemouzillonnaisefoot.fr\/wp-content\/uploads\/2025\/09\/IMG_3901-1-1021x1536.jpeg 1021w, https:\/\/etoilemouzillonnaisefoot.fr\/wp-content\/uploads\/2025\/09\/IMG_3901-1-1362x2048.jpeg 1362w, https:\/\/etoilemouzillonnaisefoot.fr\/wp-content\/uploads\/2025\/09\/IMG_3901-1-600x902.jpeg 600w, https:\/\/etoilemouzillonnaisefoot.fr\/wp-content\/uploads\/2025\/09\/IMG_3901-1-scaled.jpeg 1702w\" sizes=\"auto, (max-width: 681px) 100vw, 681px\" \/><figcaption class=\"wp-element-caption\"><strong>Femme<\/strong><\/figcaption><\/figure>\n\n\n\n<figure class=\"wp-block-image size-large\"><img loading=\"lazy\" decoding=\"async\" width=\"681\" height=\"1024\" data-id=\"2181\" src=\"https:\/\/etoilemouzillonnaisefoot.fr\/wp-content\/uploads\/2025\/09\/IMG_3820-1-681x1024.jpeg\" alt=\"\" class=\"wp-image-2181\" srcset=\"https:\/\/etoilemouzillonnaisefoot.fr\/wp-content\/uploads\/2025\/09\/IMG_3820-1-681x1024.jpeg 681w, https:\/\/etoilemouzillonnaisefoot.fr\/wp-content\/uploads\/2025\/09\/IMG_3820-1-199x300.jpeg 199w, https:\/\/etoilemouzillonnaisefoot.fr\/wp-content\/uploads\/2025\/09\/IMG_3820-1-768x1155.jpeg 768w, https:\/\/etoilemouzillonnaisefoot.fr\/wp-content\/uploads\/2025\/09\/IMG_3820-1-1021x1536.jpeg 1021w, https:\/\/etoilemouzillonnaisefoot.fr\/wp-content\/uploads\/2025\/09\/IMG_3820-1-1362x2048.jpeg 1362w, https:\/\/etoilemouzillonnaisefoot.fr\/wp-content\/uploads\/2025\/09\/IMG_3820-1-600x902.jpeg 600w, https:\/\/etoilemouzillonnaisefoot.fr\/wp-content\/uploads\/2025\/09\/IMG_3820-1-scaled.jpeg 1702w\" sizes=\"auto, (max-width: 681px) 100vw, 681px\" \/><figcaption class=\"wp-element-caption\"><strong>Homme<\/strong><\/figcaption><\/figure>\n\n\n\n<figure class=\"wp-block-image size-large\"><img loading=\"lazy\" decoding=\"async\" width=\"681\" height=\"1024\" data-id=\"2182\" src=\"https:\/\/etoilemouzillonnaisefoot.fr\/wp-content\/uploads\/2025\/09\/IMG_3853-1-681x1024.jpeg\" alt=\"\" class=\"wp-image-2182\" srcset=\"https:\/\/etoilemouzillonnaisefoot.fr\/wp-content\/uploads\/2025\/09\/IMG_3853-1-681x1024.jpeg 681w, https:\/\/etoilemouzillonnaisefoot.fr\/wp-content\/uploads\/2025\/09\/IMG_3853-1-199x300.jpeg 199w, https:\/\/etoilemouzillonnaisefoot.fr\/wp-content\/uploads\/2025\/09\/IMG_3853-1-768x1155.jpeg 768w, https:\/\/etoilemouzillonnaisefoot.fr\/wp-content\/uploads\/2025\/09\/IMG_3853-1-1021x1536.jpeg 1021w, https:\/\/etoilemouzillonnaisefoot.fr\/wp-content\/uploads\/2025\/09\/IMG_3853-1-1362x2048.jpeg 1362w, https:\/\/etoilemouzillonnaisefoot.fr\/wp-content\/uploads\/2025\/09\/IMG_3853-1-600x902.jpeg 600w, https:\/\/etoilemouzillonnaisefoot.fr\/wp-content\/uploads\/2025\/09\/IMG_3853-1-scaled.jpeg 1702w\" sizes=\"auto, (max-width: 681px) 100vw, 681px\" \/><figcaption class=\"wp-element-caption\"><strong>Enfant<\/strong><\/figcaption><\/figure>\n<\/figure>\n\n\n\n<h2 class=\"wp-block-heading\">Vestes zipp\u00e9es, T-shirts, Jogging<\/h2>\n\n\n\n<figure class=\"wp-block-gallery has-nested-images columns-default is-cropped wp-block-gallery-2 is-layout-flex wp-block-gallery-is-layout-flex\">\n<figure class=\"wp-block-image size-large\"><img loading=\"lazy\" decoding=\"async\" width=\"681\" height=\"1024\" data-id=\"2185\" src=\"https:\/\/etoilemouzillonnaisefoot.fr\/wp-content\/uploads\/2025\/09\/IMG_3840-1-681x1024.jpeg\" alt=\"\" class=\"wp-image-2185\" srcset=\"https:\/\/etoilemouzillonnaisefoot.fr\/wp-content\/uploads\/2025\/09\/IMG_3840-1-681x1024.jpeg 681w, https:\/\/etoilemouzillonnaisefoot.fr\/wp-content\/uploads\/2025\/09\/IMG_3840-1-199x300.jpeg 199w, https:\/\/etoilemouzillonnaisefoot.fr\/wp-content\/uploads\/2025\/09\/IMG_3840-1-768x1155.jpeg 768w, https:\/\/etoilemouzillonnaisefoot.fr\/wp-content\/uploads\/2025\/09\/IMG_3840-1-1021x1536.jpeg 1021w, https:\/\/etoilemouzillonnaisefoot.fr\/wp-content\/uploads\/2025\/09\/IMG_3840-1-1362x2048.jpeg 1362w, https:\/\/etoilemouzillonnaisefoot.fr\/wp-content\/uploads\/2025\/09\/IMG_3840-1-600x902.jpeg 600w, https:\/\/etoilemouzillonnaisefoot.fr\/wp-content\/uploads\/2025\/09\/IMG_3840-1-scaled.jpeg 1702w\" sizes=\"auto, (max-width: 681px) 100vw, 681px\" \/><figcaption class=\"wp-element-caption\"><strong>Homme<\/strong><\/figcaption><\/figure>\n\n\n\n<figure class=\"wp-block-image size-large\"><img loading=\"lazy\" decoding=\"async\" width=\"681\" height=\"1024\" data-id=\"2184\" src=\"https:\/\/etoilemouzillonnaisefoot.fr\/wp-content\/uploads\/2025\/09\/IMG_3951-1-681x1024.jpeg\" alt=\"\" class=\"wp-image-2184\" srcset=\"https:\/\/etoilemouzillonnaisefoot.fr\/wp-content\/uploads\/2025\/09\/IMG_3951-1-681x1024.jpeg 681w, https:\/\/etoilemouzillonnaisefoot.fr\/wp-content\/uploads\/2025\/09\/IMG_3951-1-199x300.jpeg 199w, https:\/\/etoilemouzillonnaisefoot.fr\/wp-content\/uploads\/2025\/09\/IMG_3951-1-768x1155.jpeg 768w, https:\/\/etoilemouzillonnaisefoot.fr\/wp-content\/uploads\/2025\/09\/IMG_3951-1-1021x1536.jpeg 1021w, https:\/\/etoilemouzillonnaisefoot.fr\/wp-content\/uploads\/2025\/09\/IMG_3951-1-1362x2048.jpeg 1362w, https:\/\/etoilemouzillonnaisefoot.fr\/wp-content\/uploads\/2025\/09\/IMG_3951-1-600x902.jpeg 600w, https:\/\/etoilemouzillonnaisefoot.fr\/wp-content\/uploads\/2025\/09\/IMG_3951-1-scaled.jpeg 1702w\" sizes=\"auto, (max-width: 681px) 100vw, 681px\" \/><figcaption class=\"wp-element-caption\"><strong>Femme<\/strong><\/figcaption><\/figure>\n\n\n\n<figure class=\"wp-block-image size-large is-resized\"><img loading=\"lazy\" decoding=\"async\" width=\"681\" height=\"1024\" data-id=\"2176\" src=\"https:\/\/etoilemouzillonnaisefoot.fr\/wp-content\/uploads\/2025\/09\/IMG_3919-681x1024.jpeg\" alt=\"\" class=\"wp-image-2176\" style=\"width:555px;height:auto\" srcset=\"https:\/\/etoilemouzillonnaisefoot.fr\/wp-content\/uploads\/2025\/09\/IMG_3919-681x1024.jpeg 681w, https:\/\/etoilemouzillonnaisefoot.fr\/wp-content\/uploads\/2025\/09\/IMG_3919-199x300.jpeg 199w, https:\/\/etoilemouzillonnaisefoot.fr\/wp-content\/uploads\/2025\/09\/IMG_3919-768x1155.jpeg 768w, https:\/\/etoilemouzillonnaisefoot.fr\/wp-content\/uploads\/2025\/09\/IMG_3919-1021x1536.jpeg 1021w, https:\/\/etoilemouzillonnaisefoot.fr\/wp-content\/uploads\/2025\/09\/IMG_3919-1362x2048.jpeg 1362w, https:\/\/etoilemouzillonnaisefoot.fr\/wp-content\/uploads\/2025\/09\/IMG_3919-600x902.jpeg 600w, https:\/\/etoilemouzillonnaisefoot.fr\/wp-content\/uploads\/2025\/09\/IMG_3919-scaled.jpeg 1702w\" sizes=\"auto, (max-width: 681px) 100vw, 681px\" \/><figcaption class=\"wp-element-caption\"><strong>Enfant<\/strong><\/figcaption><\/figure>\n<\/figure>\n\n\n\n<h2 class=\"wp-block-heading has-text-align-center has-text-color has-link-color has-x-large-font-size wp-elements-5cabebd2a25daefc4b69d8c85933cb34\" style=\"color:#ed1319\">Plaquettes<\/h2>\n\n\n\n<div class=\"wp-block-columns is-layout-flex wp-container-core-columns-is-layout-28f84493 wp-block-columns-is-layout-flex\">\n<div class=\"wp-block-column is-layout-flow wp-block-column-is-layout-flow\">\n<figure class=\"wp-block-image size-large\"><img loading=\"lazy\" decoding=\"async\" width=\"1024\" height=\"576\" src=\"https:\/\/etoilemouzillonnaisefoot.fr\/wp-content\/uploads\/2025\/09\/552760747_1322169575984086_127486454941665543_n-1024x576.jpg\" alt=\"\" class=\"wp-image-2215\" srcset=\"https:\/\/etoilemouzillonnaisefoot.fr\/wp-content\/uploads\/2025\/09\/552760747_1322169575984086_127486454941665543_n-1024x576.jpg 1024w, https:\/\/etoilemouzillonnaisefoot.fr\/wp-content\/uploads\/2025\/09\/552760747_1322169575984086_127486454941665543_n-300x169.jpg 300w, https:\/\/etoilemouzillonnaisefoot.fr\/wp-content\/uploads\/2025\/09\/552760747_1322169575984086_127486454941665543_n-768x432.jpg 768w, https:\/\/etoilemouzillonnaisefoot.fr\/wp-content\/uploads\/2025\/09\/552760747_1322169575984086_127486454941665543_n-1536x864.jpg 1536w, https:\/\/etoilemouzillonnaisefoot.fr\/wp-content\/uploads\/2025\/09\/552760747_1322169575984086_127486454941665543_n-600x338.jpg 600w, https:\/\/etoilemouzillonnaisefoot.fr\/wp-content\/uploads\/2025\/09\/552760747_1322169575984086_127486454941665543_n.jpg 1920w\" sizes=\"auto, (max-width: 1024px) 100vw, 1024px\" \/><\/figure>\n<\/div>\n\n\n\n<div class=\"wp-block-column is-layout-flow wp-block-column-is-layout-flow\">\n<figure data-wp-context=\"{&quot;imageId&quot;:&quot;69e49b328f489&quot;}\" data-wp-interactive=\"core\/image\" data-wp-key=\"69e49b328f489\" class=\"wp-block-image size-large wp-lightbox-container\"><img loading=\"lazy\" decoding=\"async\" width=\"1024\" height=\"576\" data-wp-class--hide=\"state.isContentHidden\" data-wp-class--show=\"state.isContentVisible\" data-wp-init=\"callbacks.setButtonStyles\" data-wp-on--click=\"actions.showLightbox\" data-wp-on--load=\"callbacks.setButtonStyles\" data-wp-on-window--resize=\"callbacks.setButtonStyles\" src=\"http:\/\/etoilea.cluster030.hosting.ovh.net\/dev\/wp-content\/uploads\/2024\/11\/2024_2025_boutique_gfmv-1024x576.png\" alt=\"\" class=\"wp-image-1542\" srcset=\"https:\/\/etoilemouzillonnaisefoot.fr\/wp-content\/uploads\/2024\/11\/2024_2025_boutique_gfmv-1024x576.png 1024w, https:\/\/etoilemouzillonnaisefoot.fr\/wp-content\/uploads\/2024\/11\/2024_2025_boutique_gfmv-300x169.png 300w, https:\/\/etoilemouzillonnaisefoot.fr\/wp-content\/uploads\/2024\/11\/2024_2025_boutique_gfmv-768x432.png 768w, https:\/\/etoilemouzillonnaisefoot.fr\/wp-content\/uploads\/2024\/11\/2024_2025_boutique_gfmv-1536x865.png 1536w, https:\/\/etoilemouzillonnaisefoot.fr\/wp-content\/uploads\/2024\/11\/2024_2025_boutique_gfmv-2048x1153.png 2048w, https:\/\/etoilemouzillonnaisefoot.fr\/wp-content\/uploads\/2024\/11\/2024_2025_boutique_gfmv-600x338.png 600w\" sizes=\"auto, (max-width: 1024px) 100vw, 1024px\" \/><button\n\t\t\tclass=\"lightbox-trigger\"\n\t\t\ttype=\"button\"\n\t\t\taria-haspopup=\"dialog\"\n\t\t\taria-label=\"Agrandir\"\n\t\t\tdata-wp-init=\"callbacks.initTriggerButton\"\n\t\t\tdata-wp-on--click=\"actions.showLightbox\"\n\t\t\tdata-wp-style--right=\"state.imageButtonRight\"\n\t\t\tdata-wp-style--top=\"state.imageButtonTop\"\n\t\t>\n\t\t\t<svg xmlns=\"http:\/\/www.w3.org\/2000\/svg\" width=\"12\" height=\"12\" fill=\"none\" viewBox=\"0 0 12 12\">\n\t\t\t\t<path fill=\"#fff\" d=\"M2 0a2 2 0 0 0-2 2v2h1.5V2a.5.5 0 0 1 .5-.5h2V0H2Zm2 10.5H2a.5.5 0 0 1-.5-.5V8H0v2a2 2 0 0 0 2 2h2v-1.5ZM8 12v-1.5h2a.5.5 0 0 0 .5-.5V8H12v2a2 2 0 0 1-2 2H8Zm2-12a2 2 0 0 1 2 2v2h-1.5V2a.5.5 0 0 0-.5-.5H8V0h2Z\" \/>\n\t\t\t<\/svg>\n\t\t<\/button><\/figure>\n<\/div>\n<\/div>\n\n\n\n<h2 class=\"wp-block-heading has-text-align-center has-text-color has-link-color has-x-large-font-size wp-elements-aba27e065a436abc1070dbc753cabe1e\" style=\"color:#ed1319\">Informations<\/h2>\n\n\n\n<p>Vous pouvez voir les produits disponibles (doudounes, pantalons, sacs, t-shirts, vestes) et leur prix sur les plaquettes que vous pouvez t\u00e9l\u00e9charger ici : <a href=\"https:\/\/drive.google.com\/file\/d\/1l6dlGq4_P7C820ZXqQrqz_IKbtQgT-BY\/view?usp=drive_link\" data-type=\"link\" data-id=\"https:\/\/drive.google.com\/file\/d\/1HwXvDyjP6oGFzOpSFTN_38qWfAdT7L7w\/view?usp=drive_link\">Etoile Mouzillon Football<\/a> \/ <a href=\"https:\/\/drive.google.com\/file\/d\/1L6sgCJk_psTJxrDrnren0cwXA282s0wz\/view?usp=drive_link\" data-type=\"link\" data-id=\"https:\/\/drive.google.com\/file\/d\/1L6sgCJk_psTJxrDrnren0cwXA282s0wz\/view?usp=drive_link\">Groupement F\u00e9minin Mouzillon-Vignoble<\/a> ainsi que le <a href=\"https:\/\/drive.google.com\/file\/d\/1pmpz-EGElAMDtyklS4nOPnnghtJY88tQ\/view?usp=drive_link\" data-type=\"link\" data-id=\"https:\/\/drive.google.com\/file\/d\/1pmpz-EGElAMDtyklS4nOPnnghtJY88tQ\/view?usp=drive_link\">bon de commande<\/a> pour faciliter le remplissage de votre panier.<\/p>\n\n\n\n<p>Pour commander les produits de la boutique, vous pouvez le faire lors des permanences organis\u00e9es au cours de la saison. Sinon, vous pouvez nous envoyer un mail \u00e0 l&rsquo;adresse suivante : <a href=\"mailto:emfootboutique@gmail.com\">emfootboutique@gmail.com<\/a> en y joignant votre commande (r\u00e9f\u00e9rence, taille,..).<\/p>\n\n\n\n<p>Sachez que vous pouvez passer commande \u00e0 n&rsquo;importe quel moment de l&rsquo;ann\u00e9e. Vous pouvez \u00e9galement, lorsque vous commandez, nous demander de faire floquer vos maillots, t-shirts et vestes avec nom ou pr\u00e9nom ou initiales !<\/p>\n\n\n\n<p>Pour le paiement, plusieurs possibilit\u00e9s : <\/p>\n\n\n\n<ul class=\"wp-block-list\">\n<li>Carte Bancaire<\/li>\n\n\n\n<li>Ch\u00e8ques<\/li>\n\n\n\n<li>Esp\u00e8ces<\/li>\n<\/ul>\n\n\n\n<p>Soit vous payez lorsque vous passez commande, soit lorsque vous la recevez, c&rsquo;est vous qui choisissez !!<\/p>\n\n\n\n<p>D\u00e9lai de livraison est <strong>d&rsquo;environ un mois <\/strong>(sauf p\u00e9riode de No\u00ebl o\u00f9 les d\u00e9lais sont plus longs). Nous vous informons alors, soit par mail soit par SMS, de l&rsquo;arriv\u00e9e de la commande au stade.<\/p>\n\n\n\n<p>Nous proposons aussi des goodies :<\/p>\n\n\n\n<ul class=\"wp-block-list\">\n<li>Casquettes<\/li>\n\n\n\n<li>Gourdes<\/li>\n\n\n\n<li>Limonadiers<\/li>\n\n\n\n<li>Mugs<\/li>\n\n\n\n<li>Parapluies<\/li>\n\n\n\n<li>Serviettes de bain<\/li>\n\n\n\n<li>Tote-bags<\/li>\n\n\n\n<li>Verres<\/li>\n<\/ul>\n\n\n\n<p>Pour les dirigeants et dirigeantes, vous b\u00e9n\u00e9ficiez d\u2019un tarif pr\u00e9f\u00e9rentiel, pr\u00e9cisez-le \u00e0 la commande!<\/p>\n\n\n\n<p>N&rsquo;h\u00e9sitez pas si vous avez d&rsquo;autres questions<\/p>\n\n\n\n<p>Flavie, Mathilde et Oph\u00e9lie<br>L&rsquo;\u00e9quipe boutique<\/p>\n\n\n\n<p><\/p>\n","protected":false},"excerpt":{"rendered":"<p>\u00c9quipements 2025-2026 Doudounes mixtes Vestes zipp\u00e9es, T-shirts, Jogging Plaquettes Informations Vous pouvez voir les produits disponibles (doudounes, pantalons, sacs, t-shirts, vestes) et leur prix sur les plaquettes que vous pouvez t\u00e9l\u00e9charger ici : Etoile Mouzillon Football \/ Groupement F\u00e9minin Mouzillon-Vignoble ainsi que le bon de commande pour faciliter le remplissage de votre panier. Pour commander [&hellip;]<\/p>\n","protected":false},"author":1,"featured_media":2185,"parent":0,"menu_order":0,"comment_status":"closed","ping_status":"closed","template":"","meta":{"footnotes":""},"class_list":["post-1540","page","type-page","status-publish","has-post-thumbnail","hentry"],"blocksy_meta":[],"_links":{"self":[{"href":"https:\/\/etoilemouzillonnaisefoot.fr\/index.php\/wp-json\/wp\/v2\/pages\/1540","targetHints":{"allow":["GET"]}}],"collection":[{"href":"https:\/\/etoilemouzillonnaisefoot.fr\/index.php\/wp-json\/wp\/v2\/pages"}],"about":[{"href":"https:\/\/etoilemouzillonnaisefoot.fr\/index.php\/wp-json\/wp\/v2\/types\/page"}],"author":[{"embeddable":true,"href":"https:\/\/etoilemouzillonnaisefoot.fr\/index.php\/wp-json\/wp\/v2\/users\/1"}],"replies":[{"embeddable":true,"href":"https:\/\/etoilemouzillonnaisefoot.fr\/index.php\/wp-json\/wp\/v2\/comments?post=1540"}],"version-history":[{"count":12,"href":"https:\/\/etoilemouzillonnaisefoot.fr\/index.php\/wp-json\/wp\/v2\/pages\/1540\/revisions"}],"predecessor-version":[{"id":2226,"href":"https:\/\/etoilemouzillonnaisefoot.fr\/index.php\/wp-json\/wp\/v2\/pages\/1540\/revisions\/2226"}],"wp:featuredmedia":[{"embeddable":true,"href":"https:\/\/etoilemouzillonnaisefoot.fr\/index.php\/wp-json\/wp\/v2\/media\/2185"}],"wp:attachment":[{"href":"https:\/\/etoilemouzillonnaisefoot.fr\/index.php\/wp-json\/wp\/v2\/media?parent=1540"}],"curies":[{"name":"wp","href":"https:\/\/api.w.org\/{rel}","templated":true}]}}