{"id":1108,"date":"2024-10-01T19:59:36","date_gmt":"2024-10-01T17:59:36","guid":{"rendered":"http:\/\/etoilea.cluster030.hosting.ovh.net\/dev\/?page_id=1108"},"modified":"2025-10-14T21:23:13","modified_gmt":"2025-10-14T19:23:13","slug":"equipe-u13-feminin-2","status":"publish","type":"page","link":"https:\/\/etoilemouzillonnaisefoot.fr\/index.php\/equipe-u13-feminin-2\/","title":{"rendered":"Equipe U13 \u2013 F\u00e9minin"},"content":{"rendered":"\n<div class=\"wp-block-columns is-layout-flex wp-container-core-columns-is-layout-28f84493 wp-block-columns-is-layout-flex\">\n<div class=\"wp-block-column is-layout-flow wp-block-column-is-layout-flow\" style=\"flex-basis:33.33%\">\n<figure class=\"wp-block-image aligncenter size-large is-resized\"><img loading=\"lazy\" decoding=\"async\" width=\"1024\" height=\"1024\" src=\"http:\/\/etoilea.cluster030.hosting.ovh.net\/dev\/wp-content\/uploads\/2024\/06\/Logo-GFMV-1024x1024.jpg\" alt=\"\" class=\"wp-image-783\" style=\"width:90px\" srcset=\"https:\/\/etoilemouzillonnaisefoot.fr\/wp-content\/uploads\/2024\/06\/Logo-GFMV-1024x1024.jpg 1024w, https:\/\/etoilemouzillonnaisefoot.fr\/wp-content\/uploads\/2024\/06\/Logo-GFMV-300x300.jpg 300w, https:\/\/etoilemouzillonnaisefoot.fr\/wp-content\/uploads\/2024\/06\/Logo-GFMV-150x150.jpg 150w, https:\/\/etoilemouzillonnaisefoot.fr\/wp-content\/uploads\/2024\/06\/Logo-GFMV-768x768.jpg 768w, https:\/\/etoilemouzillonnaisefoot.fr\/wp-content\/uploads\/2024\/06\/Logo-GFMV-1536x1536.jpg 1536w, https:\/\/etoilemouzillonnaisefoot.fr\/wp-content\/uploads\/2024\/06\/Logo-GFMV-2048x2048.jpg 2048w, https:\/\/etoilemouzillonnaisefoot.fr\/wp-content\/uploads\/2024\/06\/Logo-GFMV-600x600.jpg 600w, https:\/\/etoilemouzillonnaisefoot.fr\/wp-content\/uploads\/2024\/06\/Logo-GFMV-100x100.jpg 100w\" sizes=\"auto, (max-width: 1024px) 100vw, 1024px\" \/><\/figure>\n<\/div>\n\n\n\n<div class=\"wp-block-column is-layout-flow wp-block-column-is-layout-flow\" style=\"flex-basis:66.66%\">\n<h2 class=\"wp-block-heading has-text-color has-link-color has-x-large-font-size wp-elements-75e7e34d9d5ba9469c0238ccdd291e2e\" style=\"color:#9a9ac7\">U13 GF Mouzillon-Vignoble<\/h2>\n<\/div>\n<\/div>\n\n\n\n<div class=\"wp-block-columns is-layout-flex wp-container-core-columns-is-layout-2000334d wp-block-columns-is-layout-flex\" style=\"padding-top:0;padding-right:0;padding-bottom:0;padding-left:0\">\n<div class=\"wp-block-column is-layout-flow wp-block-column-is-layout-flow\" style=\"flex-basis:60%\">\n<h6 class=\"wp-block-heading has-text-align-center has-white-color has-text-color has-background has-link-color wp-elements-d3fd6457c309db98e504844c8b818547\" style=\"background-color:#bf3993;margin-top:1px;margin-right:28px;margin-bottom:1px;margin-left:28px;padding-top:1px;padding-bottom:1px;font-size:clamp(14px, 0.875rem + ((1vw - 3.2px) * 0.469), 20px);\">Responsable : Ad\u00e9la\u00efde Pr\u00e9votel<\/h6>\n\n\n\n<h6 class=\"wp-block-heading has-text-align-center has-text-color has-background has-link-color wp-elements-3da25a3068929034d598fba2225fc180\" style=\"color:#bf3993;background-color:#e5cee9;margin-top:1px;margin-right:28px;margin-bottom:1px;margin-left:28px;padding-top:1px;padding-bottom:1px;font-size:clamp(14px, 0.875rem + ((1vw - 3.2px) * 0.469), 20px);\">Dirigeants :Oph\u00e9lie Petit, Fr\u00e9d\u00e9ric Rodier<\/h6>\n\n\n\n<h6 class=\"wp-block-heading has-text-align-center has-palette-color-8-color has-text-color has-background has-link-color wp-elements-e2f0fbbd19688276d1163c3cbeebbb5a\" style=\"background-color:#bf3993;margin-top:1px;margin-right:28px;margin-bottom:1px;margin-left:28px;padding-top:1px;padding-bottom:1px;font-size:clamp(14px, 0.875rem + ((1vw - 3.2px) * 0.469), 20px);\">Entra\u00eenements : <br>Lundi 18h30-19h45 <em>(Mouzillon)<\/em><br>Mercredi 16h-17h30 (Au Pallet\/ Mouzillon (hiver))<\/h6>\n<\/div>\n\n\n\n<div class=\"wp-block-column is-layout-flow wp-block-column-is-layout-flow\" style=\"flex-basis:40%\">\n<p><script src=\"https:\/\/cdnjs.cloudflare.com\/ajax\/libs\/iframe-resizer\/3.5.5\/iframeResizer.min.js\"><\/script><script>if(!window._rsz){window._rsz=function(){var i=iFrameResize({checkOrigin:false,interval:100});};if(document.readyState!=\"loading\"){_rsz()}else{document.addEventListener(\"DOMContentLoaded\",_rsz)}}<\/script><iframe id=\"66fc34c91aea4008cf8d98a7\" src=\"https:\/\/v1.scorenco.com\/widget\/66fc34c91aea4008cf8d98a7\/?auto_height=true\" style=\"display: block; width: 100%; overflow: auto; margin: auto; border-width: 0px;\" scrolling=\"no\"><\/iframe><a style=\"font-size:11px\" target=\"_blank\" href=\"https:\/\/v1.scorenco.com\/football\/clubs\/groupement-feminin-mouzillon-vignoble\/\" rel=\"noopener\">Groupement f\u00e9minin Mouzillon-Vignoble sur Score&rsquo;n&rsquo;co<\/a><\/p>\n<\/div>\n<\/div>\n\n\n\n<p><\/p>\n","protected":false},"excerpt":{"rendered":"<p>U13 GF Mouzillon-Vignoble Responsable : Ad\u00e9la\u00efde Pr\u00e9votel Dirigeants :Oph\u00e9lie Petit, Fr\u00e9d\u00e9ric Rodier Entra\u00eenements : Lundi 18h30-19h45 (Mouzillon)Mercredi 16h-17h30 (Au Pallet\/ Mouzillon (hiver)) Groupement f\u00e9minin Mouzillon-Vignoble sur Score&rsquo;n&rsquo;co<\/p>\n","protected":false},"author":1,"featured_media":0,"parent":0,"menu_order":0,"comment_status":"closed","ping_status":"closed","template":"","meta":{"footnotes":""},"class_list":["post-1108","page","type-page","status-publish","hentry"],"blocksy_meta":[],"_links":{"self":[{"href":"https:\/\/etoilemouzillonnaisefoot.fr\/index.php\/wp-json\/wp\/v2\/pages\/1108","targetHints":{"allow":["GET"]}}],"collection":[{"href":"https:\/\/etoilemouzillonnaisefoot.fr\/index.php\/wp-json\/wp\/v2\/pages"}],"about":[{"href":"https:\/\/etoilemouzillonnaisefoot.fr\/index.php\/wp-json\/wp\/v2\/types\/page"}],"author":[{"embeddable":true,"href":"https:\/\/etoilemouzillonnaisefoot.fr\/index.php\/wp-json\/wp\/v2\/users\/1"}],"replies":[{"embeddable":true,"href":"https:\/\/etoilemouzillonnaisefoot.fr\/index.php\/wp-json\/wp\/v2\/comments?post=1108"}],"version-history":[{"count":21,"href":"https:\/\/etoilemouzillonnaisefoot.fr\/index.php\/wp-json\/wp\/v2\/pages\/1108\/revisions"}],"predecessor-version":[{"id":2270,"href":"https:\/\/etoilemouzillonnaisefoot.fr\/index.php\/wp-json\/wp\/v2\/pages\/1108\/revisions\/2270"}],"wp:attachment":[{"href":"https:\/\/etoilemouzillonnaisefoot.fr\/index.php\/wp-json\/wp\/v2\/media?parent=1108"}],"curies":[{"name":"wp","href":"https:\/\/api.w.org\/{rel}","templated":true}]}}