{"id":1092,"date":"2024-10-01T19:27:17","date_gmt":"2024-10-01T17:27:17","guid":{"rendered":"http:\/\/etoilea.cluster030.hosting.ovh.net\/dev\/?page_id=1092"},"modified":"2025-09-03T10:46:17","modified_gmt":"2025-09-03T08:46:17","slug":"equipe-u18-feminin-2","status":"publish","type":"page","link":"https:\/\/etoilemouzillonnaisefoot.fr\/index.php\/equipe-u18-feminin-2\/","title":{"rendered":"Equipe U18 \u2013 F\u00e9minin"},"content":{"rendered":"\n<div class=\"wp-block-columns is-layout-flex wp-container-core-columns-is-layout-28f84493 wp-block-columns-is-layout-flex\">\n<div class=\"wp-block-column is-layout-flow wp-block-column-is-layout-flow\" style=\"flex-basis:33.33%\">\n<figure class=\"wp-block-image size-large is-resized\"><img loading=\"lazy\" decoding=\"async\" width=\"1024\" height=\"1024\" src=\"http:\/\/etoilea.cluster030.hosting.ovh.net\/dev\/wp-content\/uploads\/2024\/06\/Logo-GFMV-1024x1024.jpg\" alt=\"\" class=\"wp-image-783\" style=\"width:113px;height:auto\" srcset=\"https:\/\/etoilemouzillonnaisefoot.fr\/wp-content\/uploads\/2024\/06\/Logo-GFMV-1024x1024.jpg 1024w, https:\/\/etoilemouzillonnaisefoot.fr\/wp-content\/uploads\/2024\/06\/Logo-GFMV-300x300.jpg 300w, https:\/\/etoilemouzillonnaisefoot.fr\/wp-content\/uploads\/2024\/06\/Logo-GFMV-150x150.jpg 150w, https:\/\/etoilemouzillonnaisefoot.fr\/wp-content\/uploads\/2024\/06\/Logo-GFMV-768x768.jpg 768w, https:\/\/etoilemouzillonnaisefoot.fr\/wp-content\/uploads\/2024\/06\/Logo-GFMV-1536x1536.jpg 1536w, https:\/\/etoilemouzillonnaisefoot.fr\/wp-content\/uploads\/2024\/06\/Logo-GFMV-2048x2048.jpg 2048w, https:\/\/etoilemouzillonnaisefoot.fr\/wp-content\/uploads\/2024\/06\/Logo-GFMV-600x600.jpg 600w, https:\/\/etoilemouzillonnaisefoot.fr\/wp-content\/uploads\/2024\/06\/Logo-GFMV-100x100.jpg 100w\" sizes=\"auto, (max-width: 1024px) 100vw, 1024px\" \/><\/figure>\n<\/div>\n\n\n\n<div class=\"wp-block-column is-layout-flow wp-block-column-is-layout-flow\" style=\"flex-basis:66.66%\">\n<h2 class=\"wp-block-heading has-text-color has-link-color has-x-large-font-size wp-elements-74c171c9cdcb27c943b4e75495c14c56\" style=\"color:#9a9ac7\">U18 GF Mouzillon-Vignoble<\/h2>\n<\/div>\n<\/div>\n\n\n\n<div class=\"wp-block-columns is-layout-flex wp-container-core-columns-is-layout-2000334d wp-block-columns-is-layout-flex\" style=\"padding-top:0;padding-right:0;padding-bottom:0;padding-left:0\">\n<div class=\"wp-block-column is-layout-flow wp-block-column-is-layout-flow\" style=\"flex-basis:60%\">\n<figure class=\"wp-block-image aligncenter size-full has-custom-border is-style-default wp-duotone-unset-1\"><img loading=\"lazy\" decoding=\"async\" width=\"2560\" height=\"1706\" src=\"http:\/\/etoilea.cluster030.hosting.ovh.net\/dev\/wp-content\/uploads\/2024\/10\/2024_2025_U18F-scaled.jpg\" alt=\"\" class=\"wp-image-1096\" style=\"border-style:none;border-width:0px;border-radius:0px\" srcset=\"https:\/\/etoilemouzillonnaisefoot.fr\/wp-content\/uploads\/2024\/10\/2024_2025_U18F-scaled.jpg 2560w, https:\/\/etoilemouzillonnaisefoot.fr\/wp-content\/uploads\/2024\/10\/2024_2025_U18F-300x200.jpg 300w, https:\/\/etoilemouzillonnaisefoot.fr\/wp-content\/uploads\/2024\/10\/2024_2025_U18F-1024x683.jpg 1024w, https:\/\/etoilemouzillonnaisefoot.fr\/wp-content\/uploads\/2024\/10\/2024_2025_U18F-768x512.jpg 768w, https:\/\/etoilemouzillonnaisefoot.fr\/wp-content\/uploads\/2024\/10\/2024_2025_U18F-1536x1024.jpg 1536w, https:\/\/etoilemouzillonnaisefoot.fr\/wp-content\/uploads\/2024\/10\/2024_2025_U18F-2048x1365.jpg 2048w, https:\/\/etoilemouzillonnaisefoot.fr\/wp-content\/uploads\/2024\/10\/2024_2025_U18F-600x400.jpg 600w\" sizes=\"auto, (max-width: 2560px) 100vw, 2560px\" \/><\/figure>\n\n\n\n<h6 class=\"wp-block-heading has-text-align-center has-text-color has-background has-link-color wp-elements-c03d0004c7cf534151aecc3234fa3455\" style=\"color:#bf3993;background-color:#e5cee9;margin-top:1px;margin-right:28px;margin-bottom:1px;margin-left:28px;padding-top:1px;padding-bottom:1px;font-size:clamp(14px, 0.875rem + ((1vw - 3.2px) * 0.469), 20px);\">Responsable et coach : <\/h6>\n\n\n\n<h6 class=\"wp-block-heading has-text-align-center has-white-color has-text-color has-background has-link-color wp-elements-6a2fcb97295240fac685e3c7eab672a2\" style=\"background-color:#bf3993;margin-top:1px;margin-right:28px;margin-bottom:1px;margin-left:28px;padding-top:1px;padding-bottom:1px;font-size:clamp(14px, 0.875rem + ((1vw - 3.2px) * 0.469), 20px);\">Dirigeants : <br>Mathilde Thibaud, Ma\u00ebva Branger<\/h6>\n\n\n\n<h6 class=\"wp-block-heading has-text-align-center has-text-color has-background has-link-color wp-elements-32c16f256b1339a38ab0383aab1c7aed\" style=\"color:#bf3993;background-color:#e5cee9;margin-top:1px;margin-right:28px;margin-bottom:1px;margin-left:28px;padding-top:1px;padding-bottom:1px;font-size:clamp(14px, 0.875rem + ((1vw - 3.2px) * 0.469), 20px);\">Entra\u00eenements :<br>Mercredi 18h-19h30 <em>(Mouzillon)<\/em><br>Vendredi 19h-20h30 <em>(Mouzillon)<\/em><\/h6>\n<\/div>\n\n\n\n<div class=\"wp-block-column is-layout-flow wp-block-column-is-layout-flow\" style=\"flex-basis:40%\">\n<p><script src=\"https:\/\/cdnjs.cloudflare.com\/ajax\/libs\/iframe-resizer\/3.5.5\/iframeResizer.min.js\"><\/script><script>if(!window._rsz){window._rsz=function(){var i=iFrameResize({checkOrigin:false,interval:100});};if(document.readyState!=\"loading\"){_rsz()}else{document.addEventListener(\"DOMContentLoaded\",_rsz)}}<\/script><iframe id=\"66fc34611aea4008fa199879\" src=\"https:\/\/v1.scorenco.com\/widget\/66fc34611aea4008fa199879\/?auto_height=true\" style=\"display: block; width: 100%; overflow: auto; margin: auto; border-width: 0px;\" scrolling=\"no\"><\/iframe><a style=\"font-size:11px\" target=\"_blank\" href=\"https:\/\/v1.scorenco.com\/football\/clubs\/groupement-feminin-mouzillon-vignoble\/\" rel=\"noopener\">Groupement f\u00e9minin Mouzillon-Vignoble sur Score&rsquo;n&rsquo;co<\/a><\/p>\n<\/div>\n\n\n\n<div class=\"wp-block-column is-layout-flow wp-block-column-is-layout-flow\" style=\"flex-basis:40%\">\n<p><script src=\"https:\/\/cdnjs.cloudflare.com\/ajax\/libs\/iframe-resizer\/3.5.5\/iframeResizer.min.js\"><\/script><script>if(!window._rsz){window._rsz=function(){var i=iFrameResize({checkOrigin:false,interval:100});};if(document.readyState!=\"loading\"){_rsz()}else{document.addEventListener(\"DOMContentLoaded\",_rsz)}}<\/script><iframe id=\"66fc34891aea4008d22a5499\" src=\"https:\/\/v1.scorenco.com\/widget\/66fc34891aea4008d22a5499\/?auto_height=true\" style=\"display: block; width: 100%; overflow: auto; margin: auto; border-width: 0px;\" scrolling=\"no\"><\/iframe><a style=\"font-size:11px\" target=\"_blank\" href=\"https:\/\/v1.scorenco.com\/football\/clubs\/groupement-feminin-mouzillon-vignoble\/\" rel=\"noopener\">Groupement f\u00e9minin Mouzillon-Vignoble sur Score&rsquo;n&rsquo;co<\/a><\/p>\n<\/div>\n<\/div>\n\n\n\n<p><\/p>\n","protected":false},"excerpt":{"rendered":"<p>U18 GF Mouzillon-Vignoble Responsable et coach : Dirigeants : Mathilde Thibaud, Ma\u00ebva Branger Entra\u00eenements :Mercredi 18h-19h30 (Mouzillon)Vendredi 19h-20h30 (Mouzillon) Groupement f\u00e9minin Mouzillon-Vignoble sur Score&rsquo;n&rsquo;co Groupement f\u00e9minin Mouzillon-Vignoble sur Score&rsquo;n&rsquo;co<\/p>\n","protected":false},"author":1,"featured_media":0,"parent":0,"menu_order":0,"comment_status":"closed","ping_status":"closed","template":"","meta":{"footnotes":""},"class_list":["post-1092","page","type-page","status-publish","hentry"],"blocksy_meta":[],"_links":{"self":[{"href":"https:\/\/etoilemouzillonnaisefoot.fr\/index.php\/wp-json\/wp\/v2\/pages\/1092","targetHints":{"allow":["GET"]}}],"collection":[{"href":"https:\/\/etoilemouzillonnaisefoot.fr\/index.php\/wp-json\/wp\/v2\/pages"}],"about":[{"href":"https:\/\/etoilemouzillonnaisefoot.fr\/index.php\/wp-json\/wp\/v2\/types\/page"}],"author":[{"embeddable":true,"href":"https:\/\/etoilemouzillonnaisefoot.fr\/index.php\/wp-json\/wp\/v2\/users\/1"}],"replies":[{"embeddable":true,"href":"https:\/\/etoilemouzillonnaisefoot.fr\/index.php\/wp-json\/wp\/v2\/comments?post=1092"}],"version-history":[{"count":14,"href":"https:\/\/etoilemouzillonnaisefoot.fr\/index.php\/wp-json\/wp\/v2\/pages\/1092\/revisions"}],"predecessor-version":[{"id":2163,"href":"https:\/\/etoilemouzillonnaisefoot.fr\/index.php\/wp-json\/wp\/v2\/pages\/1092\/revisions\/2163"}],"wp:attachment":[{"href":"https:\/\/etoilemouzillonnaisefoot.fr\/index.php\/wp-json\/wp\/v2\/media?parent=1092"}],"curies":[{"name":"wp","href":"https:\/\/api.w.org\/{rel}","templated":true}]}}