{"id":1071,"date":"2024-09-25T21:45:41","date_gmt":"2024-09-25T19:45:41","guid":{"rendered":"http:\/\/etoilea.cluster030.hosting.ovh.net\/dev\/?page_id=1071"},"modified":"2024-11-23T16:00:25","modified_gmt":"2024-11-23T15:00:25","slug":"equipements-2","status":"publish","type":"page","link":"https:\/\/etoilemouzillonnaisefoot.fr\/index.php\/equipements-2\/","title":{"rendered":"Equipements"},"content":{"rendered":"\n<h2 class=\"wp-block-heading has-text-align-center has-text-color has-link-color has-x-large-font-size wp-elements-7f2f2d6a0efd0603e7a92f647810fd41\" style=\"color:#ed1319\">\u00c9quipements<\/h2>\n\n\n\n<div class=\"wp-block-media-text is-stacked-on-mobile\" style=\"grid-template-columns:44% auto\"><figure class=\"wp-block-media-text__media\"><img loading=\"lazy\" decoding=\"async\" width=\"1024\" height=\"681\" src=\"http:\/\/etoilea.cluster030.hosting.ovh.net\/dev\/wp-content\/uploads\/2024\/11\/HERBE-1024x681.jpg\" alt=\"\" class=\"wp-image-1165 size-full\" srcset=\"https:\/\/etoilemouzillonnaisefoot.fr\/wp-content\/uploads\/2024\/11\/HERBE-1024x681.jpg 1024w, https:\/\/etoilemouzillonnaisefoot.fr\/wp-content\/uploads\/2024\/11\/HERBE-300x200.jpg 300w, https:\/\/etoilemouzillonnaisefoot.fr\/wp-content\/uploads\/2024\/11\/HERBE-768x511.jpg 768w, https:\/\/etoilemouzillonnaisefoot.fr\/wp-content\/uploads\/2024\/11\/HERBE-1536x1022.jpg 1536w, https:\/\/etoilemouzillonnaisefoot.fr\/wp-content\/uploads\/2024\/11\/HERBE-600x399.jpg 600w, https:\/\/etoilemouzillonnaisefoot.fr\/wp-content\/uploads\/2024\/11\/HERBE.jpg 2048w\" sizes=\"auto, (max-width: 1024px) 100vw, 1024px\" \/><\/figure><div class=\"wp-block-media-text__content\">\n<p>Le stade Marcel Guilbaud avec son terrain en herbe actuel a \u00e9t\u00e9 inaugur\u00e9 en 1990 mais mis en service pour ses premiers matchs en 1989. Nous pouvons y accueillir des matchs s\u00e9niors et \u00e9galement des matchs pour les plus jeunes. Il ne b\u00e9n\u00e9ficie pas d&rsquo;\u00e9clairage.<\/p>\n<\/div><\/div>\n\n\n\n<div class=\"wp-block-media-text is-stacked-on-mobile\" style=\"grid-template-columns:44% auto\"><figure class=\"wp-block-media-text__media\"><img loading=\"lazy\" decoding=\"async\" width=\"1024\" height=\"473\" src=\"http:\/\/etoilea.cluster030.hosting.ovh.net\/dev\/wp-content\/uploads\/2024\/09\/SYNTH2--1024x473.jpg\" alt=\"\" class=\"wp-image-1072 size-full\" srcset=\"https:\/\/etoilemouzillonnaisefoot.fr\/wp-content\/uploads\/2024\/09\/SYNTH2--1024x473.jpg 1024w, https:\/\/etoilemouzillonnaisefoot.fr\/wp-content\/uploads\/2024\/09\/SYNTH2--300x139.jpg 300w, https:\/\/etoilemouzillonnaisefoot.fr\/wp-content\/uploads\/2024\/09\/SYNTH2--768x355.jpg 768w, https:\/\/etoilemouzillonnaisefoot.fr\/wp-content\/uploads\/2024\/09\/SYNTH2--1536x709.jpg 1536w, https:\/\/etoilemouzillonnaisefoot.fr\/wp-content\/uploads\/2024\/09\/SYNTH2--600x277.jpg 600w, https:\/\/etoilemouzillonnaisefoot.fr\/wp-content\/uploads\/2024\/09\/SYNTH2-.jpg 1600w\" sizes=\"auto, (max-width: 1024px) 100vw, 1024px\" \/><\/figure><div class=\"wp-block-media-text__content\">\n<p>En 2020, le terrain synth\u00e9tique garni en noyaux d&rsquo;olives concass\u00e9es a \u00e9t\u00e9 livr\u00e9 en pleine p\u00e9riode Covid. Par cons\u00e9quent, l&rsquo;inauguration en a \u00e9t\u00e9 retard\u00e9e.&nbsp;Il permet la pratique dans toutes les conditions climatiques et b\u00e9n\u00e9ficie d&rsquo;\u00e9clairage.<\/p>\n\n\n\n<p>Le samedi 22 avril 2023, jour de tournoi jeunes Georges Masson, le terrain a \u00e9t\u00e9 inaugur\u00e9 par les officiels. La marraine de ce terrain est Laura Gorges, ancienne joueuse de l\u2019Equipe de France F\u00e9minine, ayant remport\u00e9 de nombreux troph\u00e9es tout au long de sa carri\u00e8re au PSG, Boston College Eagles, OL et Bayern de Munich. Elle a donn\u00e9 son nom \u00e0 ce terrain.<\/p>\n<\/div><\/div>\n\n\n\n<div class=\"wp-block-media-text is-stacked-on-mobile\" style=\"grid-template-columns:44% auto\"><figure class=\"wp-block-media-text__media\"><img loading=\"lazy\" decoding=\"async\" width=\"1024\" height=\"473\" src=\"http:\/\/etoilea.cluster030.hosting.ovh.net\/dev\/wp-content\/uploads\/2024\/09\/CITY--1024x473.jpg\" alt=\"\" class=\"wp-image-1073 size-full\" srcset=\"https:\/\/etoilemouzillonnaisefoot.fr\/wp-content\/uploads\/2024\/09\/CITY--1024x473.jpg 1024w, https:\/\/etoilemouzillonnaisefoot.fr\/wp-content\/uploads\/2024\/09\/CITY--300x139.jpg 300w, https:\/\/etoilemouzillonnaisefoot.fr\/wp-content\/uploads\/2024\/09\/CITY--768x355.jpg 768w, https:\/\/etoilemouzillonnaisefoot.fr\/wp-content\/uploads\/2024\/09\/CITY--1536x709.jpg 1536w, https:\/\/etoilemouzillonnaisefoot.fr\/wp-content\/uploads\/2024\/09\/CITY--600x277.jpg 600w, https:\/\/etoilemouzillonnaisefoot.fr\/wp-content\/uploads\/2024\/09\/CITY-.jpg 1600w\" sizes=\"auto, (max-width: 1024px) 100vw, 1024px\" \/><\/figure><div class=\"wp-block-media-text__content\">\n<p>Avant cela, en 2017, la commune de Mouzillon avait d\u00e9cid\u00e9 de s\u2019\u00e9quiper d\u2019un terrain Foot 5 pour compenser le terrain stabilis\u00e9 du bourg vieillissant. Un premier pas pour pouvoir proposer des activit\u00e9s en toutes saisons. De dimensions 35 m x 20 m, ce terrain a \u00e9t\u00e9 r\u00e9alis\u00e9 sur un espace contigu au terrain principal du Stade Marcel Guilbaud avec l&rsquo;aide des fonds de la FFF. Il accueille des entra\u00eenements pour diff\u00e9rentes cat\u00e9gories et des activit\u00e9s de loisirs\u2026<\/p>\n<\/div><\/div>\n","protected":false},"excerpt":{"rendered":"<p>\u00c9quipements Le stade Marcel Guilbaud avec son terrain en herbe actuel a \u00e9t\u00e9 inaugur\u00e9 en 1990 mais mis en service pour ses premiers matchs en 1989. Nous pouvons y accueillir des matchs s\u00e9niors et \u00e9galement des matchs pour les plus jeunes. Il ne b\u00e9n\u00e9ficie pas d&rsquo;\u00e9clairage. En 2020, le terrain synth\u00e9tique garni en noyaux d&rsquo;olives [&hellip;]<\/p>\n","protected":false},"author":1,"featured_media":0,"parent":0,"menu_order":0,"comment_status":"closed","ping_status":"closed","template":"","meta":{"footnotes":""},"class_list":["post-1071","page","type-page","status-publish","hentry"],"blocksy_meta":[],"_links":{"self":[{"href":"https:\/\/etoilemouzillonnaisefoot.fr\/index.php\/wp-json\/wp\/v2\/pages\/1071","targetHints":{"allow":["GET"]}}],"collection":[{"href":"https:\/\/etoilemouzillonnaisefoot.fr\/index.php\/wp-json\/wp\/v2\/pages"}],"about":[{"href":"https:\/\/etoilemouzillonnaisefoot.fr\/index.php\/wp-json\/wp\/v2\/types\/page"}],"author":[{"embeddable":true,"href":"https:\/\/etoilemouzillonnaisefoot.fr\/index.php\/wp-json\/wp\/v2\/users\/1"}],"replies":[{"embeddable":true,"href":"https:\/\/etoilemouzillonnaisefoot.fr\/index.php\/wp-json\/wp\/v2\/comments?post=1071"}],"version-history":[{"count":13,"href":"https:\/\/etoilemouzillonnaisefoot.fr\/index.php\/wp-json\/wp\/v2\/pages\/1071\/revisions"}],"predecessor-version":[{"id":2144,"href":"https:\/\/etoilemouzillonnaisefoot.fr\/index.php\/wp-json\/wp\/v2\/pages\/1071\/revisions\/2144"}],"wp:attachment":[{"href":"https:\/\/etoilemouzillonnaisefoot.fr\/index.php\/wp-json\/wp\/v2\/media?parent=1071"}],"curies":[{"name":"wp","href":"https:\/\/api.w.org\/{rel}","templated":true}]}}